{"id":185239,"date":"2025-02-28T14:33:36","date_gmt":"2025-02-28T13:33:36","guid":{"rendered":"https:\/\/www.laperlavalles.cat\/product\/nouilles-nongshim-shin-ramyun-noir-130g-4\/"},"modified":"2025-02-28T14:33:36","modified_gmt":"2025-02-28T13:33:36","slug":"nouilles-nongshim-shin-ramyun-noir-130g-4","status":"publish","type":"product","link":"https:\/\/www.laperlavalles.cat\/fr\/produit\/nouilles-nongshim-shin-ramyun-noir-130g-4\/","title":{"rendered":"NOUILLES NONGSHIM SHIN RAMYUN NOIR 130G"},"content":{"rendered":"<p>Nouilles Nongshim Shin Ramyun Noir 130g sont des nouilles instantan\u00e9es premium avec un bouillon intense et \u00e9pic\u00e9, enrichi d&rsquo;ail et d&rsquo;extrait d&rsquo;os de b\u0153uf pour une saveur plus profonde et robuste. Avec une texture ferme et un m\u00e9lange d&rsquo;\u00e9pices parfaitement \u00e9quilibr\u00e9, elles sont id\u00e9ales pour les amateurs de ramen \u00e9pic\u00e9 et r\u00e9confortant.<\/p>\n","protected":false},"excerpt":{"rendered":"<p>Nouilles Nongshim Shin Ramyun Noir 130g sont des nouilles instantan\u00e9es premium avec un bouillon intense et \u00e9pic\u00e9, enrichi d&rsquo;ail et d&rsquo;extrait d&rsquo;os de b\u0153uf pour une<span class=\"excerpt-hellip\"> [\u2026]<\/span><\/p>\n","protected":false},"featured_media":185235,"comment_status":"open","ping_status":"closed","template":"","meta":[],"product_cat":[36],"product_tag":[],"_links":{"self":[{"href":"https:\/\/www.laperlavalles.cat\/fr\/wp-json\/wp\/v2\/product\/185239"}],"collection":[{"href":"https:\/\/www.laperlavalles.cat\/fr\/wp-json\/wp\/v2\/product"}],"about":[{"href":"https:\/\/www.laperlavalles.cat\/fr\/wp-json\/wp\/v2\/types\/product"}],"replies":[{"embeddable":true,"href":"https:\/\/www.laperlavalles.cat\/fr\/wp-json\/wp\/v2\/comments?post=185239"}],"wp:featuredmedia":[{"embeddable":true,"href":"https:\/\/www.laperlavalles.cat\/fr\/wp-json\/wp\/v2\/media\/185235"}],"wp:attachment":[{"href":"https:\/\/www.laperlavalles.cat\/fr\/wp-json\/wp\/v2\/media?parent=185239"}],"wp:term":[{"taxonomy":"product_cat","embeddable":true,"href":"https:\/\/www.laperlavalles.cat\/fr\/wp-json\/wp\/v2\/product_cat?post=185239"},{"taxonomy":"product_tag","embeddable":true,"href":"https:\/\/www.laperlavalles.cat\/fr\/wp-json\/wp\/v2\/product_tag?post=185239"}],"curies":[{"name":"wp","href":"https:\/\/api.w.org\/{rel}","templated":true}]}}