{"id":185334,"date":"2025-02-28T14:39:33","date_gmt":"2025-02-28T13:39:33","guid":{"rendered":"https:\/\/www.laperlavalles.cat\/product\/nouilles-nongshim-champpong-124gr-2\/"},"modified":"2025-02-28T14:39:33","modified_gmt":"2025-02-28T13:39:33","slug":"nouilles-nongshim-champpong-124gr-2","status":"publish","type":"product","link":"https:\/\/www.laperlavalles.cat\/fr\/produit\/nouilles-nongshim-champpong-124gr-2\/","title":{"rendered":"NOUILLES NONGSHIM CHAMPPONG 124GR"},"content":{"rendered":"<p>Nouilles Nongshim Champpong 124gr sont des nouilles instantan\u00e9es inspir\u00e9es de la soupe cor\u00e9enne aux fruits de mer Champpong. Elles offrent un bouillon profond et fum\u00e9 avec une touche \u00e9pic\u00e9e, combinant des saveurs de fruits de mer et de l\u00e9gumes. Avec des nouilles \u00e9paisses et un m\u00e9lange d&rsquo;\u00e9pices authentique, elles sont parfaites pour une exp\u00e9rience riche en saveurs.<\/p>\n","protected":false},"excerpt":{"rendered":"<p>Nouilles Nongshim Champpong 124gr sont des nouilles instantan\u00e9es inspir\u00e9es de la soupe cor\u00e9enne aux fruits de mer Champpong. Elles offrent un bouillon profond et fum\u00e9 avec<span class=\"excerpt-hellip\"> [\u2026]<\/span><\/p>\n","protected":false},"featured_media":185330,"comment_status":"open","ping_status":"closed","template":"","meta":[],"product_cat":[36],"product_tag":[],"_links":{"self":[{"href":"https:\/\/www.laperlavalles.cat\/fr\/wp-json\/wp\/v2\/product\/185334"}],"collection":[{"href":"https:\/\/www.laperlavalles.cat\/fr\/wp-json\/wp\/v2\/product"}],"about":[{"href":"https:\/\/www.laperlavalles.cat\/fr\/wp-json\/wp\/v2\/types\/product"}],"replies":[{"embeddable":true,"href":"https:\/\/www.laperlavalles.cat\/fr\/wp-json\/wp\/v2\/comments?post=185334"}],"wp:featuredmedia":[{"embeddable":true,"href":"https:\/\/www.laperlavalles.cat\/fr\/wp-json\/wp\/v2\/media\/185330"}],"wp:attachment":[{"href":"https:\/\/www.laperlavalles.cat\/fr\/wp-json\/wp\/v2\/media?parent=185334"}],"wp:term":[{"taxonomy":"product_cat","embeddable":true,"href":"https:\/\/www.laperlavalles.cat\/fr\/wp-json\/wp\/v2\/product_cat?post=185334"},{"taxonomy":"product_tag","embeddable":true,"href":"https:\/\/www.laperlavalles.cat\/fr\/wp-json\/wp\/v2\/product_tag?post=185334"}],"curies":[{"name":"wp","href":"https:\/\/api.w.org\/{rel}","templated":true}]}}