{"id":185364,"date":"2025-02-28T14:40:37","date_gmt":"2025-02-28T13:40:54","guid":{"rendered":"https:\/\/www.laperlavalles.cat\/product\/nouilles-nongshim-de-pomme-de-terre-100gr\/"},"modified":"2025-02-28T22:39:52","modified_gmt":"2025-02-28T21:39:52","slug":"nouilles-nongshim-de-pomme-de-terre-100gr","status":"publish","type":"product","link":"https:\/\/www.laperlavalles.cat\/fr\/produit\/nouilles-nongshim-de-pomme-de-terre-100gr\/","title":{"rendered":"NOUILLES NONGSHIM DE POMME DE TERRE 100GR"},"content":{"rendered":"<p>Nouilles Nongshim de Pomme de Terre 100GR sont des nouilles instantan\u00e9es \u00e0 base de f\u00e9cule de pomme de terre, ce qui leur conf\u00e8re une texture plus \u00e9lastique et moelleuse par rapport aux nouilles traditionnelles. Elles absorbent parfaitement le bouillon, offrant une saveur douce et d\u00e9licieuse. Id\u00e9ales pour un repas l\u00e9ger et r\u00e9confortant.<\/p>\n","protected":false},"excerpt":{"rendered":"<p>Nouilles Nongshim de Pomme de Terre 100GR sont des nouilles instantan\u00e9es \u00e0 base de f\u00e9cule de pomme de terre, ce qui leur conf\u00e8re une texture plus<span class=\"excerpt-hellip\"> [\u2026]<\/span><\/p>\n","protected":false},"featured_media":185337,"comment_status":"open","ping_status":"closed","template":"","meta":[],"product_cat":[10616],"product_tag":[],"_links":{"self":[{"href":"https:\/\/www.laperlavalles.cat\/fr\/wp-json\/wp\/v2\/product\/185364"}],"collection":[{"href":"https:\/\/www.laperlavalles.cat\/fr\/wp-json\/wp\/v2\/product"}],"about":[{"href":"https:\/\/www.laperlavalles.cat\/fr\/wp-json\/wp\/v2\/types\/product"}],"replies":[{"embeddable":true,"href":"https:\/\/www.laperlavalles.cat\/fr\/wp-json\/wp\/v2\/comments?post=185364"}],"wp:featuredmedia":[{"embeddable":true,"href":"https:\/\/www.laperlavalles.cat\/fr\/wp-json\/wp\/v2\/media\/185337"}],"wp:attachment":[{"href":"https:\/\/www.laperlavalles.cat\/fr\/wp-json\/wp\/v2\/media?parent=185364"}],"wp:term":[{"taxonomy":"product_cat","embeddable":true,"href":"https:\/\/www.laperlavalles.cat\/fr\/wp-json\/wp\/v2\/product_cat?post=185364"},{"taxonomy":"product_tag","embeddable":true,"href":"https:\/\/www.laperlavalles.cat\/fr\/wp-json\/wp\/v2\/product_tag?post=185364"}],"curies":[{"name":"wp","href":"https:\/\/api.w.org\/{rel}","templated":true}]}}