{"id":185739,"date":"2025-02-28T15:10:37","date_gmt":"2025-02-28T14:10:55","guid":{"rendered":"https:\/\/www.laperlavalles.cat\/product\/nouilles-nongshim-shin-kimchi-pot-75gr\/"},"modified":"2025-02-28T23:10:12","modified_gmt":"2025-02-28T22:10:12","slug":"nouilles-nongshim-shin-kimchi-pot-75gr","status":"publish","type":"product","link":"https:\/\/www.laperlavalles.cat\/fr\/produit\/nouilles-nongshim-shin-kimchi-pot-75gr\/","title":{"rendered":"NOUILLES NONGSHIM SHIN KIMCHI POT 75GR"},"content":{"rendered":"<p>Nouilles Nongshim Shin Kimchi Pot 75GR sont des nouilles instantan\u00e9es en pot, associant la saveur classique du Shin Ramyun avec le go\u00fbt authentique du kimchi cor\u00e9en. Son bouillon est intense, \u00e9pic\u00e9 et l\u00e9g\u00e8rement acidul\u00e9 gr\u00e2ce \u00e0 la fermentation du kimchi, offrant une exp\u00e9rience unique et savoureuse pour les amateurs de go\u00fbts prononc\u00e9s.<\/p>\n","protected":false},"excerpt":{"rendered":"<p>Nouilles Nongshim Shin Kimchi Pot 75GR sont des nouilles instantan\u00e9es en pot, associant la saveur classique du Shin Ramyun avec le go\u00fbt authentique du kimchi cor\u00e9en.<span class=\"excerpt-hellip\"> [\u2026]<\/span><\/p>\n","protected":false},"featured_media":185722,"comment_status":"open","ping_status":"closed","template":"","meta":[],"product_cat":[10616],"product_tag":[],"_links":{"self":[{"href":"https:\/\/www.laperlavalles.cat\/fr\/wp-json\/wp\/v2\/product\/185739"}],"collection":[{"href":"https:\/\/www.laperlavalles.cat\/fr\/wp-json\/wp\/v2\/product"}],"about":[{"href":"https:\/\/www.laperlavalles.cat\/fr\/wp-json\/wp\/v2\/types\/product"}],"replies":[{"embeddable":true,"href":"https:\/\/www.laperlavalles.cat\/fr\/wp-json\/wp\/v2\/comments?post=185739"}],"wp:featuredmedia":[{"embeddable":true,"href":"https:\/\/www.laperlavalles.cat\/fr\/wp-json\/wp\/v2\/media\/185722"}],"wp:attachment":[{"href":"https:\/\/www.laperlavalles.cat\/fr\/wp-json\/wp\/v2\/media?parent=185739"}],"wp:term":[{"taxonomy":"product_cat","embeddable":true,"href":"https:\/\/www.laperlavalles.cat\/fr\/wp-json\/wp\/v2\/product_cat?post=185739"},{"taxonomy":"product_tag","embeddable":true,"href":"https:\/\/www.laperlavalles.cat\/fr\/wp-json\/wp\/v2\/product_tag?post=185739"}],"curies":[{"name":"wp","href":"https:\/\/api.w.org\/{rel}","templated":true}]}}