{"id":185974,"date":"2025-02-28T15:28:54","date_gmt":"2025-02-28T14:28:54","guid":{"rendered":"https:\/\/www.laperlavalles.cat\/product\/nouilles-nongshim-hotspicy-bowl-100gr-2\/"},"modified":"2025-02-28T15:28:54","modified_gmt":"2025-02-28T14:28:54","slug":"nouilles-nongshim-hotspicy-bowl-100gr-2","status":"publish","type":"product","link":"https:\/\/www.laperlavalles.cat\/fr\/produit\/nouilles-nongshim-hotspicy-bowl-100gr-2\/","title":{"rendered":"NOUILLES NONGSHIM HOT&amp;SPICY BOWL 100GR"},"content":{"rendered":"<p>Nouilles Nongshim Hot&amp;Spicy Bowl 100GR sont des nouilles instantan\u00e9es en bol, avec un bouillon intens\u00e9ment \u00e9pic\u00e9 et relev\u00e9. Parfaits pour les amateurs de plats relev\u00e9s, ces nouilles offrent un \u00e9quilibre entre la saveur umami et une touche piquante irr\u00e9sistible.<\/p>\n","protected":false},"excerpt":{"rendered":"<p>Nouilles Nongshim Hot&amp;Spicy Bowl 100GR sont des nouilles instantan\u00e9es en bol, avec un bouillon intens\u00e9ment \u00e9pic\u00e9 et relev\u00e9. Parfaits pour les amateurs de plats relev\u00e9s, ces<span class=\"excerpt-hellip\"> [\u2026]<\/span><\/p>\n","protected":false},"featured_media":185970,"comment_status":"open","ping_status":"closed","template":"","meta":[],"product_cat":[36],"product_tag":[],"_links":{"self":[{"href":"https:\/\/www.laperlavalles.cat\/fr\/wp-json\/wp\/v2\/product\/185974"}],"collection":[{"href":"https:\/\/www.laperlavalles.cat\/fr\/wp-json\/wp\/v2\/product"}],"about":[{"href":"https:\/\/www.laperlavalles.cat\/fr\/wp-json\/wp\/v2\/types\/product"}],"replies":[{"embeddable":true,"href":"https:\/\/www.laperlavalles.cat\/fr\/wp-json\/wp\/v2\/comments?post=185974"}],"wp:featuredmedia":[{"embeddable":true,"href":"https:\/\/www.laperlavalles.cat\/fr\/wp-json\/wp\/v2\/media\/185970"}],"wp:attachment":[{"href":"https:\/\/www.laperlavalles.cat\/fr\/wp-json\/wp\/v2\/media?parent=185974"}],"wp:term":[{"taxonomy":"product_cat","embeddable":true,"href":"https:\/\/www.laperlavalles.cat\/fr\/wp-json\/wp\/v2\/product_cat?post=185974"},{"taxonomy":"product_tag","embeddable":true,"href":"https:\/\/www.laperlavalles.cat\/fr\/wp-json\/wp\/v2\/product_tag?post=185974"}],"curies":[{"name":"wp","href":"https:\/\/api.w.org\/{rel}","templated":true}]}}