{"id":186084,"date":"2025-02-28T15:37:26","date_gmt":"2025-02-28T14:37:26","guid":{"rendered":"https:\/\/www.laperlavalles.cat\/product\/nouilles-nongshim-soon-veggie-ramyun-pot-67gr-6\/"},"modified":"2025-02-28T15:37:26","modified_gmt":"2025-02-28T14:37:26","slug":"nouilles-nongshim-soon-veggie-ramyun-pot-67gr-6","status":"publish","type":"product","link":"https:\/\/www.laperlavalles.cat\/fr\/produit\/nouilles-nongshim-soon-veggie-ramyun-pot-67gr-6\/","title":{"rendered":"NOUILLES NONGSHIM SOON VEGGIE RAMYUN POT 67GR"},"content":{"rendered":"<p>Nouilles Nongshim Soon Veggie Ramyun Pot 67GR sont des nouilles instantan\u00e9es v\u00e9g\u00e9tariennes avec un bouillon riche en umami, l\u00e9g\u00e8rement \u00e9pic\u00e9 et pr\u00e9par\u00e9 avec des ingr\u00e9dients d\u2019origine v\u00e9g\u00e9tale. Id\u00e9al pour ceux qui recherchent une option savoureuse et adapt\u00e9e aux v\u00e9g\u00e9tariens et v\u00e9g\u00e9taliens.<\/p>\n","protected":false},"excerpt":{"rendered":"<p>Nouilles Nongshim Soon Veggie Ramyun Pot 67GR sont des nouilles instantan\u00e9es v\u00e9g\u00e9tariennes avec un bouillon riche en umami, l\u00e9g\u00e8rement \u00e9pic\u00e9 et pr\u00e9par\u00e9 avec des ingr\u00e9dients d\u2019origine<span class=\"excerpt-hellip\"> [\u2026]<\/span><\/p>\n","protected":false},"featured_media":186080,"comment_status":"open","ping_status":"closed","template":"","meta":[],"product_cat":[36],"product_tag":[],"_links":{"self":[{"href":"https:\/\/www.laperlavalles.cat\/fr\/wp-json\/wp\/v2\/product\/186084"}],"collection":[{"href":"https:\/\/www.laperlavalles.cat\/fr\/wp-json\/wp\/v2\/product"}],"about":[{"href":"https:\/\/www.laperlavalles.cat\/fr\/wp-json\/wp\/v2\/types\/product"}],"replies":[{"embeddable":true,"href":"https:\/\/www.laperlavalles.cat\/fr\/wp-json\/wp\/v2\/comments?post=186084"}],"wp:featuredmedia":[{"embeddable":true,"href":"https:\/\/www.laperlavalles.cat\/fr\/wp-json\/wp\/v2\/media\/186080"}],"wp:attachment":[{"href":"https:\/\/www.laperlavalles.cat\/fr\/wp-json\/wp\/v2\/media?parent=186084"}],"wp:term":[{"taxonomy":"product_cat","embeddable":true,"href":"https:\/\/www.laperlavalles.cat\/fr\/wp-json\/wp\/v2\/product_cat?post=186084"},{"taxonomy":"product_tag","embeddable":true,"href":"https:\/\/www.laperlavalles.cat\/fr\/wp-json\/wp\/v2\/product_tag?post=186084"}],"curies":[{"name":"wp","href":"https:\/\/api.w.org\/{rel}","templated":true}]}}