{"id":186164,"date":"2025-02-28T15:43:43","date_gmt":"2025-02-28T14:43:43","guid":{"rendered":"https:\/\/www.laperlavalles.cat\/product\/nouilles-nongshim-shin-ramyun-poulet-epice-120gr-3\/"},"modified":"2025-02-28T15:43:43","modified_gmt":"2025-02-28T14:43:43","slug":"nouilles-nongshim-shin-ramyun-poulet-epice-120gr-3","status":"publish","type":"product","link":"https:\/\/www.laperlavalles.cat\/fr\/produit\/nouilles-nongshim-shin-ramyun-poulet-epice-120gr-3\/","title":{"rendered":"NOUILLES NONGSHIM SHIN RAMYUN POULET \u00c9PIC\u00c9 120GR"},"content":{"rendered":"<p>Nouilles Nongshim Shin Ramyun Poulet \u00c9pic\u00e9 120GR sont des nouilles instantan\u00e9es avec un bouillon intense de poulet et une touche \u00e9pic\u00e9e caract\u00e9ristique. La combinaison d\u2019\u00e9pices et leur texture douce en font une option id\u00e9ale pour les amateurs de saveurs relev\u00e9es.<\/p>\n","protected":false},"excerpt":{"rendered":"<p>Nouilles Nongshim Shin Ramyun Poulet \u00c9pic\u00e9 120GR sont des nouilles instantan\u00e9es avec un bouillon intense de poulet et une touche \u00e9pic\u00e9e caract\u00e9ristique. La combinaison d\u2019\u00e9pices et<span class=\"excerpt-hellip\"> [\u2026]<\/span><\/p>\n","protected":false},"featured_media":186160,"comment_status":"open","ping_status":"closed","template":"","meta":[],"product_cat":[36],"product_tag":[],"_links":{"self":[{"href":"https:\/\/www.laperlavalles.cat\/fr\/wp-json\/wp\/v2\/product\/186164"}],"collection":[{"href":"https:\/\/www.laperlavalles.cat\/fr\/wp-json\/wp\/v2\/product"}],"about":[{"href":"https:\/\/www.laperlavalles.cat\/fr\/wp-json\/wp\/v2\/types\/product"}],"replies":[{"embeddable":true,"href":"https:\/\/www.laperlavalles.cat\/fr\/wp-json\/wp\/v2\/comments?post=186164"}],"wp:featuredmedia":[{"embeddable":true,"href":"https:\/\/www.laperlavalles.cat\/fr\/wp-json\/wp\/v2\/media\/186160"}],"wp:attachment":[{"href":"https:\/\/www.laperlavalles.cat\/fr\/wp-json\/wp\/v2\/media?parent=186164"}],"wp:term":[{"taxonomy":"product_cat","embeddable":true,"href":"https:\/\/www.laperlavalles.cat\/fr\/wp-json\/wp\/v2\/product_cat?post=186164"},{"taxonomy":"product_tag","embeddable":true,"href":"https:\/\/www.laperlavalles.cat\/fr\/wp-json\/wp\/v2\/product_tag?post=186164"}],"curies":[{"name":"wp","href":"https:\/\/api.w.org\/{rel}","templated":true}]}}