{"id":186334,"date":"2025-02-28T16:00:13","date_gmt":"2025-02-28T15:00:13","guid":{"rendered":"https:\/\/www.laperlavalles.cat\/product\/nouilles-nongshim-kimchi-bowl-100gr-6\/"},"modified":"2025-02-28T16:00:13","modified_gmt":"2025-02-28T15:00:13","slug":"nouilles-nongshim-kimchi-bowl-100gr-6","status":"publish","type":"product","link":"https:\/\/www.laperlavalles.cat\/fr\/produit\/nouilles-nongshim-kimchi-bowl-100gr-6\/","title":{"rendered":"NOUILLES NONGSHIM KIMCHI BOWL 100GR"},"content":{"rendered":"<p>Nouilles Nongshim Kimchi Bowl 100GR sont des nouilles instantan\u00e9es au go\u00fbt classique du kimchi, un plat traditionnel cor\u00e9en ferment\u00e9 et \u00e9pic\u00e9. Avec un bouillon riche en umami et une l\u00e9g\u00e8re touche piquante, elles sont parfaites pour les amateurs de saveurs authentiques et intenses.<\/p>\n","protected":false},"excerpt":{"rendered":"<p>Nouilles Nongshim Kimchi Bowl 100GR sont des nouilles instantan\u00e9es au go\u00fbt classique du kimchi, un plat traditionnel cor\u00e9en ferment\u00e9 et \u00e9pic\u00e9. Avec un bouillon riche en<span class=\"excerpt-hellip\"> [\u2026]<\/span><\/p>\n","protected":false},"featured_media":186330,"comment_status":"open","ping_status":"closed","template":"","meta":[],"product_cat":[36],"product_tag":[],"_links":{"self":[{"href":"https:\/\/www.laperlavalles.cat\/fr\/wp-json\/wp\/v2\/product\/186334"}],"collection":[{"href":"https:\/\/www.laperlavalles.cat\/fr\/wp-json\/wp\/v2\/product"}],"about":[{"href":"https:\/\/www.laperlavalles.cat\/fr\/wp-json\/wp\/v2\/types\/product"}],"replies":[{"embeddable":true,"href":"https:\/\/www.laperlavalles.cat\/fr\/wp-json\/wp\/v2\/comments?post=186334"}],"wp:featuredmedia":[{"embeddable":true,"href":"https:\/\/www.laperlavalles.cat\/fr\/wp-json\/wp\/v2\/media\/186330"}],"wp:attachment":[{"href":"https:\/\/www.laperlavalles.cat\/fr\/wp-json\/wp\/v2\/media?parent=186334"}],"wp:term":[{"taxonomy":"product_cat","embeddable":true,"href":"https:\/\/www.laperlavalles.cat\/fr\/wp-json\/wp\/v2\/product_cat?post=186334"},{"taxonomy":"product_tag","embeddable":true,"href":"https:\/\/www.laperlavalles.cat\/fr\/wp-json\/wp\/v2\/product_tag?post=186334"}],"curies":[{"name":"wp","href":"https:\/\/api.w.org\/{rel}","templated":true}]}}