{"id":186414,"date":"2025-02-28T16:08:40","date_gmt":"2025-02-28T15:08:40","guid":{"rendered":"https:\/\/www.laperlavalles.cat\/product\/nouilles-nongshim-poulet-epice-bowl-100gr-5\/"},"modified":"2025-02-28T16:08:40","modified_gmt":"2025-02-28T15:08:40","slug":"nouilles-nongshim-poulet-epice-bowl-100gr-5","status":"publish","type":"product","link":"https:\/\/www.laperlavalles.cat\/fr\/produit\/nouilles-nongshim-poulet-epice-bowl-100gr-5\/","title":{"rendered":"NOUILLES NONGSHIM POULET \u00c9PIC\u00c9 BOWL 100GR"},"content":{"rendered":"<p>Nouilles Nongshim Poulet \u00c9pic\u00e9 Bowl 100GR sont des nouilles instantan\u00e9es au go\u00fbt intense de poulet avec une touche \u00e9pic\u00e9e qui offre une exp\u00e9rience pleine de saveurs. Leur bouillon riche et relev\u00e9 en fait un choix parfait pour les amateurs de plats savoureux.<\/p>\n","protected":false},"excerpt":{"rendered":"<p>Nouilles Nongshim Poulet \u00c9pic\u00e9 Bowl 100GR sont des nouilles instantan\u00e9es au go\u00fbt intense de poulet avec une touche \u00e9pic\u00e9e qui offre une exp\u00e9rience pleine de saveurs.<span class=\"excerpt-hellip\"> [\u2026]<\/span><\/p>\n","protected":false},"featured_media":186410,"comment_status":"open","ping_status":"closed","template":"","meta":[],"product_cat":[36],"product_tag":[],"_links":{"self":[{"href":"https:\/\/www.laperlavalles.cat\/fr\/wp-json\/wp\/v2\/product\/186414"}],"collection":[{"href":"https:\/\/www.laperlavalles.cat\/fr\/wp-json\/wp\/v2\/product"}],"about":[{"href":"https:\/\/www.laperlavalles.cat\/fr\/wp-json\/wp\/v2\/types\/product"}],"replies":[{"embeddable":true,"href":"https:\/\/www.laperlavalles.cat\/fr\/wp-json\/wp\/v2\/comments?post=186414"}],"wp:featuredmedia":[{"embeddable":true,"href":"https:\/\/www.laperlavalles.cat\/fr\/wp-json\/wp\/v2\/media\/186410"}],"wp:attachment":[{"href":"https:\/\/www.laperlavalles.cat\/fr\/wp-json\/wp\/v2\/media?parent=186414"}],"wp:term":[{"taxonomy":"product_cat","embeddable":true,"href":"https:\/\/www.laperlavalles.cat\/fr\/wp-json\/wp\/v2\/product_cat?post=186414"},{"taxonomy":"product_tag","embeddable":true,"href":"https:\/\/www.laperlavalles.cat\/fr\/wp-json\/wp\/v2\/product_tag?post=186414"}],"curies":[{"name":"wp","href":"https:\/\/api.w.org\/{rel}","templated":true}]}}