{"id":186509,"date":"2025-02-28T16:18:12","date_gmt":"2025-02-28T15:18:12","guid":{"rendered":"https:\/\/www.laperlavalles.cat\/product\/nouilles-nongshim-tempura-udon-pot-62gr-5\/"},"modified":"2025-02-28T16:18:12","modified_gmt":"2025-02-28T15:18:12","slug":"nouilles-nongshim-tempura-udon-pot-62gr-5","status":"publish","type":"product","link":"https:\/\/www.laperlavalles.cat\/fr\/produit\/nouilles-nongshim-tempura-udon-pot-62gr-5\/","title":{"rendered":"NOUILLES NONGSHIM TEMPURA UDON POT 62GR"},"content":{"rendered":"<p>Nouilles Nongshim Tempura Udon Pot 62GR sont des nouilles udon instantan\u00e9es avec un bouillon savoureux et une touche l\u00e9g\u00e8rement sucr\u00e9e, inspir\u00e9e de la cuisine japonaise. Contient des morceaux de tempura croustillante pour une texture d\u00e9licieuse \u00e0 chaque bouch\u00e9e.<\/p>\n","protected":false},"excerpt":{"rendered":"<p>Nouilles Nongshim Tempura Udon Pot 62GR sont des nouilles udon instantan\u00e9es avec un bouillon savoureux et une touche l\u00e9g\u00e8rement sucr\u00e9e, inspir\u00e9e de la cuisine japonaise. Contient<span class=\"excerpt-hellip\"> [\u2026]<\/span><\/p>\n","protected":false},"featured_media":186505,"comment_status":"open","ping_status":"closed","template":"","meta":[],"product_cat":[36],"product_tag":[],"_links":{"self":[{"href":"https:\/\/www.laperlavalles.cat\/fr\/wp-json\/wp\/v2\/product\/186509"}],"collection":[{"href":"https:\/\/www.laperlavalles.cat\/fr\/wp-json\/wp\/v2\/product"}],"about":[{"href":"https:\/\/www.laperlavalles.cat\/fr\/wp-json\/wp\/v2\/types\/product"}],"replies":[{"embeddable":true,"href":"https:\/\/www.laperlavalles.cat\/fr\/wp-json\/wp\/v2\/comments?post=186509"}],"wp:featuredmedia":[{"embeddable":true,"href":"https:\/\/www.laperlavalles.cat\/fr\/wp-json\/wp\/v2\/media\/186505"}],"wp:attachment":[{"href":"https:\/\/www.laperlavalles.cat\/fr\/wp-json\/wp\/v2\/media?parent=186509"}],"wp:term":[{"taxonomy":"product_cat","embeddable":true,"href":"https:\/\/www.laperlavalles.cat\/fr\/wp-json\/wp\/v2\/product_cat?post=186509"},{"taxonomy":"product_tag","embeddable":true,"href":"https:\/\/www.laperlavalles.cat\/fr\/wp-json\/wp\/v2\/product_tag?post=186509"}],"curies":[{"name":"wp","href":"https:\/\/api.w.org\/{rel}","templated":true}]}}