{"id":186544,"date":"2025-02-28T16:20:37","date_gmt":"2025-02-28T15:20:53","guid":{"rendered":"https:\/\/www.laperlavalles.cat\/product\/nouilles-nongshim-tempura-udon-bol-111gr\/"},"modified":"2026-02-10T06:50:40","modified_gmt":"2026-02-10T05:50:40","slug":"nouilles-nongshim-tempura-udon-bol-111gr","status":"publish","type":"product","link":"https:\/\/www.laperlavalles.cat\/fr\/produit\/nouilles-nongshim-tempura-udon-bol-111gr\/","title":{"rendered":"NOUILLES NONGSHIM TEMPURA UDON BOL 111GR"},"content":{"rendered":"<p>Nouilles Nongshim Tempura Udon Bol 111GR sont des nouilles udon instantan\u00e9es avec un bouillon doux et savoureux, inspir\u00e9 de la cuisine japonaise. Contient des morceaux de tempura croustillante pour une texture d\u00e9licieuse, en faisant un plat r\u00e9confortant et authentique.<\/p>\n","protected":false},"excerpt":{"rendered":"<p>Nouilles Nongshim Tempura Udon Bol 111GR sont des nouilles udon instantan\u00e9es avec un bouillon doux et savoureux, inspir\u00e9 de la cuisine japonaise. Contient des morceaux de<span class=\"excerpt-hellip\"> [\u2026]<\/span><\/p>\n","protected":false},"featured_media":186527,"comment_status":"open","ping_status":"closed","template":"","meta":[],"product_cat":[10616],"product_tag":[],"_links":{"self":[{"href":"https:\/\/www.laperlavalles.cat\/fr\/wp-json\/wp\/v2\/product\/186544"}],"collection":[{"href":"https:\/\/www.laperlavalles.cat\/fr\/wp-json\/wp\/v2\/product"}],"about":[{"href":"https:\/\/www.laperlavalles.cat\/fr\/wp-json\/wp\/v2\/types\/product"}],"replies":[{"embeddable":true,"href":"https:\/\/www.laperlavalles.cat\/fr\/wp-json\/wp\/v2\/comments?post=186544"}],"wp:featuredmedia":[{"embeddable":true,"href":"https:\/\/www.laperlavalles.cat\/fr\/wp-json\/wp\/v2\/media\/186527"}],"wp:attachment":[{"href":"https:\/\/www.laperlavalles.cat\/fr\/wp-json\/wp\/v2\/media?parent=186544"}],"wp:term":[{"taxonomy":"product_cat","embeddable":true,"href":"https:\/\/www.laperlavalles.cat\/fr\/wp-json\/wp\/v2\/product_cat?post=186544"},{"taxonomy":"product_tag","embeddable":true,"href":"https:\/\/www.laperlavalles.cat\/fr\/wp-json\/wp\/v2\/product_tag?post=186544"}],"curies":[{"name":"wp","href":"https:\/\/api.w.org\/{rel}","templated":true}]}}