{"id":186729,"date":"2025-02-28T16:34:47","date_gmt":"2025-02-28T15:34:47","guid":{"rendered":"https:\/\/www.laperlavalles.cat\/product\/nouilles-nongshim-crevette-bol-115gr-5\/"},"modified":"2025-02-28T16:34:47","modified_gmt":"2025-02-28T15:34:47","slug":"nouilles-nongshim-crevette-bol-115gr-5","status":"publish","type":"product","link":"https:\/\/www.laperlavalles.cat\/fr\/produit\/nouilles-nongshim-crevette-bol-115gr-5\/","title":{"rendered":"NOUILLES NONGSHIM CREVETTE BOL 115GR"},"content":{"rendered":"<p>Nouilles Nongshim Crevette Bol 115GR sont des nouilles instantan\u00e9es avec un bouillon riche et savoureux \u00e0 la crevette, inspir\u00e9 de la cuisine asiatique. Elles offrent un parfait \u00e9quilibre entre la saveur intense des fruits de mer et les \u00e9pices traditionnelles, cr\u00e9ant une exp\u00e9rience d\u00e9licieuse et r\u00e9confortante.<\/p>\n","protected":false},"excerpt":{"rendered":"<p>Nouilles Nongshim Crevette Bol 115GR sont des nouilles instantan\u00e9es avec un bouillon riche et savoureux \u00e0 la crevette, inspir\u00e9 de la cuisine asiatique. Elles offrent un<span class=\"excerpt-hellip\"> [\u2026]<\/span><\/p>\n","protected":false},"featured_media":186725,"comment_status":"open","ping_status":"closed","template":"","meta":[],"product_cat":[36],"product_tag":[],"_links":{"self":[{"href":"https:\/\/www.laperlavalles.cat\/fr\/wp-json\/wp\/v2\/product\/186729"}],"collection":[{"href":"https:\/\/www.laperlavalles.cat\/fr\/wp-json\/wp\/v2\/product"}],"about":[{"href":"https:\/\/www.laperlavalles.cat\/fr\/wp-json\/wp\/v2\/types\/product"}],"replies":[{"embeddable":true,"href":"https:\/\/www.laperlavalles.cat\/fr\/wp-json\/wp\/v2\/comments?post=186729"}],"wp:featuredmedia":[{"embeddable":true,"href":"https:\/\/www.laperlavalles.cat\/fr\/wp-json\/wp\/v2\/media\/186725"}],"wp:attachment":[{"href":"https:\/\/www.laperlavalles.cat\/fr\/wp-json\/wp\/v2\/media?parent=186729"}],"wp:term":[{"taxonomy":"product_cat","embeddable":true,"href":"https:\/\/www.laperlavalles.cat\/fr\/wp-json\/wp\/v2\/product_cat?post=186729"},{"taxonomy":"product_tag","embeddable":true,"href":"https:\/\/www.laperlavalles.cat\/fr\/wp-json\/wp\/v2\/product_tag?post=186729"}],"curies":[{"name":"wp","href":"https:\/\/api.w.org\/{rel}","templated":true}]}}