{"id":186854,"date":"2025-03-12T12:13:23","date_gmt":"2025-03-12T11:13:23","guid":{"rendered":"https:\/\/www.laperlavalles.cat\/product\/harina-de-niebe-marca-label-afrik-500-g-4\/"},"modified":"2025-03-12T12:13:23","modified_gmt":"2025-03-12T11:13:23","slug":"harina-de-niebe-marca-label-afrik-500-g-4","status":"publish","type":"product","link":"https:\/\/www.laperlavalles.cat\/fr\/produit\/harina-de-niebe-marca-label-afrik-500-g-4\/","title":{"rendered":"Harina de Ni\u00e9b\u00e9 Marca Label Afrik 500 g"},"content":{"rendered":"<p>Cette farine, fabriqu\u00e9e \u00e0 partir du ni\u00e9b\u00e9, une l\u00e9gumineuse traditionnelle africaine, est parfaite pour pr\u00e9parer des plats typiques comme l&rsquo;akara ou le moin-moin. Elle constitue \u00e9galement une excellente alternative sans gluten pour les pains, g\u00e2teaux et autres cr\u00e9ations culinaires.<\/p>\n","protected":false},"excerpt":{"rendered":"<p>Cette farine, fabriqu\u00e9e \u00e0 partir du ni\u00e9b\u00e9, une l\u00e9gumineuse traditionnelle africaine, est parfaite pour pr\u00e9parer des plats typiques comme l&rsquo;akara ou le moin-moin. Elle constitue \u00e9galement<span class=\"excerpt-hellip\"> [\u2026]<\/span><\/p>\n","protected":false},"featured_media":186850,"comment_status":"open","ping_status":"closed","template":"","meta":[],"product_cat":[8589,8456],"product_tag":[],"_links":{"self":[{"href":"https:\/\/www.laperlavalles.cat\/fr\/wp-json\/wp\/v2\/product\/186854"}],"collection":[{"href":"https:\/\/www.laperlavalles.cat\/fr\/wp-json\/wp\/v2\/product"}],"about":[{"href":"https:\/\/www.laperlavalles.cat\/fr\/wp-json\/wp\/v2\/types\/product"}],"replies":[{"embeddable":true,"href":"https:\/\/www.laperlavalles.cat\/fr\/wp-json\/wp\/v2\/comments?post=186854"}],"wp:featuredmedia":[{"embeddable":true,"href":"https:\/\/www.laperlavalles.cat\/fr\/wp-json\/wp\/v2\/media\/186850"}],"wp:attachment":[{"href":"https:\/\/www.laperlavalles.cat\/fr\/wp-json\/wp\/v2\/media?parent=186854"}],"wp:term":[{"taxonomy":"product_cat","embeddable":true,"href":"https:\/\/www.laperlavalles.cat\/fr\/wp-json\/wp\/v2\/product_cat?post=186854"},{"taxonomy":"product_tag","embeddable":true,"href":"https:\/\/www.laperlavalles.cat\/fr\/wp-json\/wp\/v2\/product_tag?post=186854"}],"curies":[{"name":"wp","href":"https:\/\/api.w.org\/{rel}","templated":true}]}}