{"id":186949,"date":"2025-03-12T12:18:52","date_gmt":"2025-03-12T11:18:52","guid":{"rendered":"https:\/\/www.laperlavalles.cat\/product\/sardines-avec-sauce-tomate-epicee-anny-425g-2\/"},"modified":"2025-03-12T12:18:52","modified_gmt":"2025-03-12T11:18:52","slug":"sardines-avec-sauce-tomate-epicee-anny-425g-2","status":"publish","type":"product","link":"https:\/\/www.laperlavalles.cat\/fr\/produit\/sardines-avec-sauce-tomate-epicee-anny-425g-2\/","title":{"rendered":"Sardines avec sauce Tomate \u00c9pic\u00e9e Anny 425g"},"content":{"rendered":"<p>Sardines en conserve avec une sauce tomate \u00e9pic\u00e9e, pour les amateurs de saveurs intenses et de plats savoureux.<\/p>\n","protected":false},"excerpt":{"rendered":"<p>Sardines en conserve avec une sauce tomate \u00e9pic\u00e9e, pour les amateurs de saveurs intenses et de plats savoureux.<\/p>\n","protected":false},"featured_media":186945,"comment_status":"open","ping_status":"closed","template":"","meta":[],"product_cat":[36],"product_tag":[],"_links":{"self":[{"href":"https:\/\/www.laperlavalles.cat\/fr\/wp-json\/wp\/v2\/product\/186949"}],"collection":[{"href":"https:\/\/www.laperlavalles.cat\/fr\/wp-json\/wp\/v2\/product"}],"about":[{"href":"https:\/\/www.laperlavalles.cat\/fr\/wp-json\/wp\/v2\/types\/product"}],"replies":[{"embeddable":true,"href":"https:\/\/www.laperlavalles.cat\/fr\/wp-json\/wp\/v2\/comments?post=186949"}],"wp:featuredmedia":[{"embeddable":true,"href":"https:\/\/www.laperlavalles.cat\/fr\/wp-json\/wp\/v2\/media\/186945"}],"wp:attachment":[{"href":"https:\/\/www.laperlavalles.cat\/fr\/wp-json\/wp\/v2\/media?parent=186949"}],"wp:term":[{"taxonomy":"product_cat","embeddable":true,"href":"https:\/\/www.laperlavalles.cat\/fr\/wp-json\/wp\/v2\/product_cat?post=186949"},{"taxonomy":"product_tag","embeddable":true,"href":"https:\/\/www.laperlavalles.cat\/fr\/wp-json\/wp\/v2\/product_tag?post=186949"}],"curies":[{"name":"wp","href":"https:\/\/api.w.org\/{rel}","templated":true}]}}