{"id":187094,"date":"2025-03-12T12:30:39","date_gmt":"2025-03-12T11:30:58","guid":{"rendered":"https:\/\/www.laperlavalles.cat\/product\/sardines-with-sauce-tomate-anny-425g\/"},"modified":"2025-09-04T16:53:12","modified_gmt":"2025-09-04T14:53:12","slug":"sardines-with-sauce-tomate-anny-425g","status":"publish","type":"product","link":"https:\/\/www.laperlavalles.cat\/fr\/produit\/sardines-with-sauce-tomate-anny-425g\/","title":{"rendered":"Sardines with sauce Tomate Anny 425g"},"content":{"rendered":"<p>Sardines en conserve avec une d\u00e9licieuse sauce tomate, id\u00e9ales pour les ap\u00e9ritifs ou les repas rapides.<\/p>\n","protected":false},"excerpt":{"rendered":"<p>Sardines en conserve avec une d\u00e9licieuse sauce tomate, id\u00e9ales pour les ap\u00e9ritifs ou les repas rapides.<\/p>\n","protected":false},"featured_media":187077,"comment_status":"open","ping_status":"closed","template":"","meta":[],"product_cat":[10616],"product_tag":[],"_links":{"self":[{"href":"https:\/\/www.laperlavalles.cat\/fr\/wp-json\/wp\/v2\/product\/187094"}],"collection":[{"href":"https:\/\/www.laperlavalles.cat\/fr\/wp-json\/wp\/v2\/product"}],"about":[{"href":"https:\/\/www.laperlavalles.cat\/fr\/wp-json\/wp\/v2\/types\/product"}],"replies":[{"embeddable":true,"href":"https:\/\/www.laperlavalles.cat\/fr\/wp-json\/wp\/v2\/comments?post=187094"}],"wp:featuredmedia":[{"embeddable":true,"href":"https:\/\/www.laperlavalles.cat\/fr\/wp-json\/wp\/v2\/media\/187077"}],"wp:attachment":[{"href":"https:\/\/www.laperlavalles.cat\/fr\/wp-json\/wp\/v2\/media?parent=187094"}],"wp:term":[{"taxonomy":"product_cat","embeddable":true,"href":"https:\/\/www.laperlavalles.cat\/fr\/wp-json\/wp\/v2\/product_cat?post=187094"},{"taxonomy":"product_tag","embeddable":true,"href":"https:\/\/www.laperlavalles.cat\/fr\/wp-json\/wp\/v2\/product_tag?post=187094"}],"curies":[{"name":"wp","href":"https:\/\/api.w.org\/{rel}","templated":true}]}}