{"id":187124,"date":"2025-03-12T12:33:53","date_gmt":"2025-03-12T11:33:53","guid":{"rendered":"https:\/\/www.laperlavalles.cat\/product\/sardines-with-sauce-tomate-anny-425g-3\/"},"modified":"2025-03-12T12:33:53","modified_gmt":"2025-03-12T11:33:53","slug":"sardines-with-sauce-tomate-anny-425g-3","status":"publish","type":"product","link":"https:\/\/www.laperlavalles.cat\/fr\/produit\/sardines-with-sauce-tomate-anny-425g-3\/","title":{"rendered":"Sardines with sauce Tomate Anny 425g"},"content":{"rendered":"<p>Sardines en conserve avec une d\u00e9licieuse sauce tomate, id\u00e9ales pour les ap\u00e9ritifs ou les repas rapides.<\/p>\n","protected":false},"excerpt":{"rendered":"<p>Sardines en conserve avec une d\u00e9licieuse sauce tomate, id\u00e9ales pour les ap\u00e9ritifs ou les repas rapides.<\/p>\n","protected":false},"featured_media":187120,"comment_status":"open","ping_status":"closed","template":"","meta":[],"product_cat":[36],"product_tag":[],"_links":{"self":[{"href":"https:\/\/www.laperlavalles.cat\/fr\/wp-json\/wp\/v2\/product\/187124"}],"collection":[{"href":"https:\/\/www.laperlavalles.cat\/fr\/wp-json\/wp\/v2\/product"}],"about":[{"href":"https:\/\/www.laperlavalles.cat\/fr\/wp-json\/wp\/v2\/types\/product"}],"replies":[{"embeddable":true,"href":"https:\/\/www.laperlavalles.cat\/fr\/wp-json\/wp\/v2\/comments?post=187124"}],"wp:featuredmedia":[{"embeddable":true,"href":"https:\/\/www.laperlavalles.cat\/fr\/wp-json\/wp\/v2\/media\/187120"}],"wp:attachment":[{"href":"https:\/\/www.laperlavalles.cat\/fr\/wp-json\/wp\/v2\/media?parent=187124"}],"wp:term":[{"taxonomy":"product_cat","embeddable":true,"href":"https:\/\/www.laperlavalles.cat\/fr\/wp-json\/wp\/v2\/product_cat?post=187124"},{"taxonomy":"product_tag","embeddable":true,"href":"https:\/\/www.laperlavalles.cat\/fr\/wp-json\/wp\/v2\/product_tag?post=187124"}],"curies":[{"name":"wp","href":"https:\/\/api.w.org\/{rel}","templated":true}]}}