{"id":187334,"date":"2025-03-12T12:47:54","date_gmt":"2025-03-12T11:48:11","guid":{"rendered":"https:\/\/www.laperlavalles.cat\/product\/nouilles-instantanees-hao-hao-saveur-vegetarienne-acecook-75gr\/"},"modified":"2025-10-06T11:01:00","modified_gmt":"2025-10-06T09:01:00","slug":"nouilles-instantanees-hao-hao-saveur-vegetarienne-acecook-75gr","status":"publish","type":"product","link":"https:\/\/www.laperlavalles.cat\/fr\/produit\/nouilles-instantanees-hao-hao-saveur-vegetarienne-acecook-75gr\/","title":{"rendered":"Nouilles Instantan\u00e9es Hao Hao Saveur V\u00e9g\u00e9tarienne Acecook 75gr"},"content":{"rendered":"<p>Nouilles instantan\u00e9es saveur v\u00e9g\u00e9tarienne, \u00e9labor\u00e9es avec de la farine de bl\u00e9 et un m\u00e9lange d&rsquo;\u00e9pices asiatiques authentiques, id\u00e9ales pour un repas rapide et d\u00e9licieux: il suffit de faire bouillir de l&rsquo;eau, d&rsquo;ajouter les nouilles et l&rsquo;assaisonnement, et en quelques minutes, le plat est pr\u00eat.<\/p>\n","protected":false},"excerpt":{"rendered":"<p>Nouilles instantan\u00e9es saveur v\u00e9g\u00e9tarienne, \u00e9labor\u00e9es avec de la farine de bl\u00e9 et un m\u00e9lange d&rsquo;\u00e9pices asiatiques authentiques, id\u00e9ales pour un repas rapide et d\u00e9licieux: il suffit<span class=\"excerpt-hellip\"> [\u2026]<\/span><\/p>\n","protected":false},"featured_media":187317,"comment_status":"open","ping_status":"closed","template":"","meta":[],"product_cat":[10616],"product_tag":[],"_links":{"self":[{"href":"https:\/\/www.laperlavalles.cat\/fr\/wp-json\/wp\/v2\/product\/187334"}],"collection":[{"href":"https:\/\/www.laperlavalles.cat\/fr\/wp-json\/wp\/v2\/product"}],"about":[{"href":"https:\/\/www.laperlavalles.cat\/fr\/wp-json\/wp\/v2\/types\/product"}],"replies":[{"embeddable":true,"href":"https:\/\/www.laperlavalles.cat\/fr\/wp-json\/wp\/v2\/comments?post=187334"}],"wp:featuredmedia":[{"embeddable":true,"href":"https:\/\/www.laperlavalles.cat\/fr\/wp-json\/wp\/v2\/media\/187317"}],"wp:attachment":[{"href":"https:\/\/www.laperlavalles.cat\/fr\/wp-json\/wp\/v2\/media?parent=187334"}],"wp:term":[{"taxonomy":"product_cat","embeddable":true,"href":"https:\/\/www.laperlavalles.cat\/fr\/wp-json\/wp\/v2\/product_cat?post=187334"},{"taxonomy":"product_tag","embeddable":true,"href":"https:\/\/www.laperlavalles.cat\/fr\/wp-json\/wp\/v2\/product_tag?post=187334"}],"curies":[{"name":"wp","href":"https:\/\/api.w.org\/{rel}","templated":true}]}}