{"id":187939,"date":"2025-03-12T13:30:33","date_gmt":"2025-03-12T12:30:33","guid":{"rendered":"https:\/\/www.laperlavalles.cat\/product\/nouilles-instantanees-hello-pho-wok-saveur-boeuf-acecook-76gr-8\/"},"modified":"2025-03-12T13:30:33","modified_gmt":"2025-03-12T12:30:33","slug":"nouilles-instantanees-hello-pho-wok-saveur-boeuf-acecook-76gr-8","status":"publish","type":"product","link":"https:\/\/www.laperlavalles.cat\/fr\/produit\/nouilles-instantanees-hello-pho-wok-saveur-boeuf-acecook-76gr-8\/","title":{"rendered":"Nouilles Instantan\u00e9es HELLO PHO WOK Saveur B\u0153uf Acecook 76gr"},"content":{"rendered":"<p>Nouilles Instantan\u00e9es HELLO PHO WOK Saveur B\u0153uf, une option parfaite pour ceux qui recherchent un repas rapide sans compromettre le go\u00fbt. Inspir\u00e9es de la soupe vietnamienne traditionnelle Pho, ces nouilles offrent une exp\u00e9rience culinaire riche et satisfaisante. Il suffit d&rsquo;ajouter de l&rsquo;eau bouillante, d&rsquo;attendre quelques minutes et de savourer un plat d\u00e9licieux \u00e0 tout moment de la journ\u00e9e.<\/p>\n","protected":false},"excerpt":{"rendered":"<p>Nouilles Instantan\u00e9es HELLO PHO WOK Saveur B\u0153uf, une option parfaite pour ceux qui recherchent un repas rapide sans compromettre le go\u00fbt. Inspir\u00e9es de la soupe vietnamienne<span class=\"excerpt-hellip\"> [\u2026]<\/span><\/p>\n","protected":false},"featured_media":187935,"comment_status":"open","ping_status":"closed","template":"","meta":[],"product_cat":[36],"product_tag":[],"_links":{"self":[{"href":"https:\/\/www.laperlavalles.cat\/fr\/wp-json\/wp\/v2\/product\/187939"}],"collection":[{"href":"https:\/\/www.laperlavalles.cat\/fr\/wp-json\/wp\/v2\/product"}],"about":[{"href":"https:\/\/www.laperlavalles.cat\/fr\/wp-json\/wp\/v2\/types\/product"}],"replies":[{"embeddable":true,"href":"https:\/\/www.laperlavalles.cat\/fr\/wp-json\/wp\/v2\/comments?post=187939"}],"wp:featuredmedia":[{"embeddable":true,"href":"https:\/\/www.laperlavalles.cat\/fr\/wp-json\/wp\/v2\/media\/187935"}],"wp:attachment":[{"href":"https:\/\/www.laperlavalles.cat\/fr\/wp-json\/wp\/v2\/media?parent=187939"}],"wp:term":[{"taxonomy":"product_cat","embeddable":true,"href":"https:\/\/www.laperlavalles.cat\/fr\/wp-json\/wp\/v2\/product_cat?post=187939"},{"taxonomy":"product_tag","embeddable":true,"href":"https:\/\/www.laperlavalles.cat\/fr\/wp-json\/wp\/v2\/product_tag?post=187939"}],"curies":[{"name":"wp","href":"https:\/\/api.w.org\/{rel}","templated":true}]}}