{"id":188119,"date":"2025-03-12T13:40:29","date_gmt":"2025-03-12T12:40:29","guid":{"rendered":"https:\/\/www.laperlavalles.cat\/product\/nouilles-instantanees-siu-kay-saveur-poulet-au-fromage-extra-epicees-acecook-127gr-2\/"},"modified":"2025-03-12T13:40:29","modified_gmt":"2025-03-12T12:40:29","slug":"nouilles-instantanees-siu-kay-saveur-poulet-au-fromage-extra-epicees-acecook-127gr-2","status":"publish","type":"product","link":"https:\/\/www.laperlavalles.cat\/fr\/produit\/nouilles-instantanees-siu-kay-saveur-poulet-au-fromage-extra-epicees-acecook-127gr-2\/","title":{"rendered":"Nouilles Instantan\u00e9es Siu Kay Saveur Poulet au Fromage Extra \u00c9pic\u00e9es Acecook 127gr"},"content":{"rendered":"<p>Les Nouilles Instantan\u00e9es Siu Kay Saveur Poulet au Fromage Extra Piquantes offrent une exp\u00e9rience culinaire irr\u00e9sistible pour les amateurs de saveurs intenses. L&rsquo;association de la saveur de poulet, de la douceur du fromage et d&rsquo;une touche \u00e9pic\u00e9e vibrante \u00e9veille les sens et invite \u00e0 savourer un plat plein de caract\u00e8re et de passion.<\/p>\n","protected":false},"excerpt":{"rendered":"<p>Les Nouilles Instantan\u00e9es Siu Kay Saveur Poulet au Fromage Extra Piquantes offrent une exp\u00e9rience culinaire irr\u00e9sistible pour les amateurs de saveurs intenses. L&rsquo;association de la saveur<span class=\"excerpt-hellip\"> [\u2026]<\/span><\/p>\n","protected":false},"featured_media":188115,"comment_status":"open","ping_status":"closed","template":"","meta":[],"product_cat":[36],"product_tag":[],"_links":{"self":[{"href":"https:\/\/www.laperlavalles.cat\/fr\/wp-json\/wp\/v2\/product\/188119"}],"collection":[{"href":"https:\/\/www.laperlavalles.cat\/fr\/wp-json\/wp\/v2\/product"}],"about":[{"href":"https:\/\/www.laperlavalles.cat\/fr\/wp-json\/wp\/v2\/types\/product"}],"replies":[{"embeddable":true,"href":"https:\/\/www.laperlavalles.cat\/fr\/wp-json\/wp\/v2\/comments?post=188119"}],"wp:featuredmedia":[{"embeddable":true,"href":"https:\/\/www.laperlavalles.cat\/fr\/wp-json\/wp\/v2\/media\/188115"}],"wp:attachment":[{"href":"https:\/\/www.laperlavalles.cat\/fr\/wp-json\/wp\/v2\/media?parent=188119"}],"wp:term":[{"taxonomy":"product_cat","embeddable":true,"href":"https:\/\/www.laperlavalles.cat\/fr\/wp-json\/wp\/v2\/product_cat?post=188119"},{"taxonomy":"product_tag","embeddable":true,"href":"https:\/\/www.laperlavalles.cat\/fr\/wp-json\/wp\/v2\/product_tag?post=188119"}],"curies":[{"name":"wp","href":"https:\/\/api.w.org\/{rel}","templated":true}]}}