{"id":188159,"date":"2025-03-12T13:42:03","date_gmt":"2025-03-12T12:42:20","guid":{"rendered":"https:\/\/www.laperlavalles.cat\/product\/pate-de-sardinelle-pinton-380-g\/"},"modified":"2025-03-12T13:49:15","modified_gmt":"2025-03-12T12:49:15","slug":"pate-de-sardinelle-pinton-380-g","status":"publish","type":"product","link":"https:\/\/www.laperlavalles.cat\/fr\/produit\/pate-de-sardinelle-pinton-380-g\/","title":{"rendered":"P\u00e2t\u00e9 de Sardinelle Pinton 380 g"},"content":{"rendered":"<p>P\u00e2t\u00e9 de sardines id\u00e9al \u00e0 consommer sur des tartines, des sandwiches ou en croquettes et beignets frits.<\/p>\n","protected":false},"excerpt":{"rendered":"<p>P\u00e2t\u00e9 de sardines id\u00e9al \u00e0 consommer sur des tartines, des sandwiches ou en croquettes et beignets frits.<\/p>\n","protected":false},"featured_media":188142,"comment_status":"open","ping_status":"closed","template":"","meta":[],"product_cat":[10616],"product_tag":[],"_links":{"self":[{"href":"https:\/\/www.laperlavalles.cat\/fr\/wp-json\/wp\/v2\/product\/188159"}],"collection":[{"href":"https:\/\/www.laperlavalles.cat\/fr\/wp-json\/wp\/v2\/product"}],"about":[{"href":"https:\/\/www.laperlavalles.cat\/fr\/wp-json\/wp\/v2\/types\/product"}],"replies":[{"embeddable":true,"href":"https:\/\/www.laperlavalles.cat\/fr\/wp-json\/wp\/v2\/comments?post=188159"}],"wp:featuredmedia":[{"embeddable":true,"href":"https:\/\/www.laperlavalles.cat\/fr\/wp-json\/wp\/v2\/media\/188142"}],"wp:attachment":[{"href":"https:\/\/www.laperlavalles.cat\/fr\/wp-json\/wp\/v2\/media?parent=188159"}],"wp:term":[{"taxonomy":"product_cat","embeddable":true,"href":"https:\/\/www.laperlavalles.cat\/fr\/wp-json\/wp\/v2\/product_cat?post=188159"},{"taxonomy":"product_tag","embeddable":true,"href":"https:\/\/www.laperlavalles.cat\/fr\/wp-json\/wp\/v2\/product_tag?post=188159"}],"curies":[{"name":"wp","href":"https:\/\/api.w.org\/{rel}","templated":true}]}}