{"id":188179,"date":"2025-03-12T13:43:37","date_gmt":"2025-03-12T12:43:52","guid":{"rendered":"https:\/\/www.laperlavalles.cat\/product\/cuisse-complete-de-poulet-fume-surgelee-10kg\/"},"modified":"2025-03-17T16:01:25","modified_gmt":"2025-03-17T15:01:25","slug":"cuisse-complete-de-poulet-fume-surgelee-10kg","status":"publish","type":"product","link":"https:\/\/www.laperlavalles.cat\/fr\/produit\/cuisse-complete-de-poulet-fume-surgelee-10kg\/","title":{"rendered":"Cuisse Compl\u00e8te de Poulet Fum\u00e9 Surgel\u00e9e 10kg"},"content":{"rendered":"<p>Cuisse de poulet compl\u00e8te, fum\u00e9e lentement pour une saveur intense et authentique. Parfaite pour les plats principaux ou les ap\u00e9ritifs.<\/p>\n","protected":false},"excerpt":{"rendered":"<p>Cuisse de poulet compl\u00e8te, fum\u00e9e lentement pour une saveur intense et authentique. Parfaite pour les plats principaux ou les ap\u00e9ritifs.<\/p>\n","protected":false},"featured_media":188162,"comment_status":"open","ping_status":"closed","template":"","meta":[],"product_cat":[8458,8611],"product_tag":[],"_links":{"self":[{"href":"https:\/\/www.laperlavalles.cat\/fr\/wp-json\/wp\/v2\/product\/188179"}],"collection":[{"href":"https:\/\/www.laperlavalles.cat\/fr\/wp-json\/wp\/v2\/product"}],"about":[{"href":"https:\/\/www.laperlavalles.cat\/fr\/wp-json\/wp\/v2\/types\/product"}],"replies":[{"embeddable":true,"href":"https:\/\/www.laperlavalles.cat\/fr\/wp-json\/wp\/v2\/comments?post=188179"}],"wp:featuredmedia":[{"embeddable":true,"href":"https:\/\/www.laperlavalles.cat\/fr\/wp-json\/wp\/v2\/media\/188162"}],"wp:attachment":[{"href":"https:\/\/www.laperlavalles.cat\/fr\/wp-json\/wp\/v2\/media?parent=188179"}],"wp:term":[{"taxonomy":"product_cat","embeddable":true,"href":"https:\/\/www.laperlavalles.cat\/fr\/wp-json\/wp\/v2\/product_cat?post=188179"},{"taxonomy":"product_tag","embeddable":true,"href":"https:\/\/www.laperlavalles.cat\/fr\/wp-json\/wp\/v2\/product_tag?post=188179"}],"curies":[{"name":"wp","href":"https:\/\/api.w.org\/{rel}","templated":true}]}}