{"id":188414,"date":"2025-03-12T15:07:52","date_gmt":"2025-03-12T14:07:52","guid":{"rendered":"https:\/\/www.laperlavalles.cat\/product\/amidon-de-tapioca-aroy-d-25kg-7\/"},"modified":"2025-03-12T15:07:52","modified_gmt":"2025-03-12T14:07:52","slug":"amidon-de-tapioca-aroy-d-25kg-7","status":"publish","type":"product","link":"https:\/\/www.laperlavalles.cat\/fr\/produit\/amidon-de-tapioca-aroy-d-25kg-7\/","title":{"rendered":"Amidon de Tapioca Aroy-D 25kg"},"content":{"rendered":"<p>La F\u00e9cule de Tapioca Aroy-D 400g est un ingr\u00e9dient polyvalent, parfait pour \u00e9paissir les sauces, pr\u00e9parer des desserts traditionnels ou ajouter de la texture aux recettes asiatiques. Sa texture fine et sa saveur neutre la rendent id\u00e9ale pour les plats sucr\u00e9s et sal\u00e9s.<\/p>\n","protected":false},"excerpt":{"rendered":"<p>La F\u00e9cule de Tapioca Aroy-D 400g est un ingr\u00e9dient polyvalent, parfait pour \u00e9paissir les sauces, pr\u00e9parer des desserts traditionnels ou ajouter de la texture aux recettes<span class=\"excerpt-hellip\"> [\u2026]<\/span><\/p>\n","protected":false},"featured_media":188410,"comment_status":"open","ping_status":"closed","template":"","meta":[],"product_cat":[8589,8456],"product_tag":[],"_links":{"self":[{"href":"https:\/\/www.laperlavalles.cat\/fr\/wp-json\/wp\/v2\/product\/188414"}],"collection":[{"href":"https:\/\/www.laperlavalles.cat\/fr\/wp-json\/wp\/v2\/product"}],"about":[{"href":"https:\/\/www.laperlavalles.cat\/fr\/wp-json\/wp\/v2\/types\/product"}],"replies":[{"embeddable":true,"href":"https:\/\/www.laperlavalles.cat\/fr\/wp-json\/wp\/v2\/comments?post=188414"}],"wp:featuredmedia":[{"embeddable":true,"href":"https:\/\/www.laperlavalles.cat\/fr\/wp-json\/wp\/v2\/media\/188410"}],"wp:attachment":[{"href":"https:\/\/www.laperlavalles.cat\/fr\/wp-json\/wp\/v2\/media?parent=188414"}],"wp:term":[{"taxonomy":"product_cat","embeddable":true,"href":"https:\/\/www.laperlavalles.cat\/fr\/wp-json\/wp\/v2\/product_cat?post=188414"},{"taxonomy":"product_tag","embeddable":true,"href":"https:\/\/www.laperlavalles.cat\/fr\/wp-json\/wp\/v2\/product_tag?post=188414"}],"curies":[{"name":"wp","href":"https:\/\/api.w.org\/{rel}","templated":true}]}}