{"id":188619,"date":"2025-03-12T15:34:57","date_gmt":"2025-03-12T14:34:57","guid":{"rendered":"https:\/\/www.laperlavalles.cat\/product\/jus-de-melon-avec-aloe-vera-okf-500ml-4\/"},"modified":"2025-03-12T15:34:57","modified_gmt":"2025-03-12T14:34:57","slug":"jus-de-melon-avec-aloe-vera-okf-500ml-4","status":"publish","type":"product","link":"https:\/\/www.laperlavalles.cat\/fr\/produit\/jus-de-melon-avec-aloe-vera-okf-500ml-4\/","title":{"rendered":"Jus de melon avec Aloe Vera OKF 500ml"},"content":{"rendered":"<p>Boisson au melon musqu\u00e9, douce et rafra\u00eechissante, avec morceaux d&rsquo;aloe vera \u00e0 m\u00e2cher et jus r\u00e9el de melon musqu\u00e9 avec gel d&rsquo;aloe vera ajout\u00e9.<\/p>\n","protected":false},"excerpt":{"rendered":"<p>Boisson au melon musqu\u00e9, douce et rafra\u00eechissante, avec morceaux d&rsquo;aloe vera \u00e0 m\u00e2cher et jus r\u00e9el de melon musqu\u00e9 avec gel d&rsquo;aloe vera ajout\u00e9.<\/p>\n","protected":false},"featured_media":188615,"comment_status":"open","ping_status":"closed","template":"","meta":[],"product_cat":[8445,8590],"product_tag":[],"_links":{"self":[{"href":"https:\/\/www.laperlavalles.cat\/fr\/wp-json\/wp\/v2\/product\/188619"}],"collection":[{"href":"https:\/\/www.laperlavalles.cat\/fr\/wp-json\/wp\/v2\/product"}],"about":[{"href":"https:\/\/www.laperlavalles.cat\/fr\/wp-json\/wp\/v2\/types\/product"}],"replies":[{"embeddable":true,"href":"https:\/\/www.laperlavalles.cat\/fr\/wp-json\/wp\/v2\/comments?post=188619"}],"wp:featuredmedia":[{"embeddable":true,"href":"https:\/\/www.laperlavalles.cat\/fr\/wp-json\/wp\/v2\/media\/188615"}],"wp:attachment":[{"href":"https:\/\/www.laperlavalles.cat\/fr\/wp-json\/wp\/v2\/media?parent=188619"}],"wp:term":[{"taxonomy":"product_cat","embeddable":true,"href":"https:\/\/www.laperlavalles.cat\/fr\/wp-json\/wp\/v2\/product_cat?post=188619"},{"taxonomy":"product_tag","embeddable":true,"href":"https:\/\/www.laperlavalles.cat\/fr\/wp-json\/wp\/v2\/product_tag?post=188619"}],"curies":[{"name":"wp","href":"https:\/\/api.w.org\/{rel}","templated":true}]}}