{"id":188824,"date":"2025-03-12T15:50:36","date_gmt":"2025-03-12T14:50:52","guid":{"rendered":"https:\/\/www.laperlavalles.cat\/product\/bitekuteku-feuilles-damarante-congelees-500g\/"},"modified":"2025-03-12T18:12:43","modified_gmt":"2025-03-12T17:12:43","slug":"bitekuteku-feuilles-damarante-congelees-500g","status":"publish","type":"product","link":"https:\/\/www.laperlavalles.cat\/fr\/produit\/bitekuteku-feuilles-damarante-congelees-500g\/","title":{"rendered":"Bitekuteku &#8211; Feuilles d&rsquo;amarante congel\u00e9es 500g"},"content":{"rendered":"<p>Feuilles d&rsquo;amarante congel\u00e9es, \u00e9galement connues sous le nom de bitekuteku, riches en nutriments et parfaites pour les soupes, les rago\u00fbts ou les saut\u00e9s. Une option saine et savoureuse pour les plats traditionnels.<\/p>\n","protected":false},"excerpt":{"rendered":"<p>Feuilles d&rsquo;amarante congel\u00e9es, \u00e9galement connues sous le nom de bitekuteku, riches en nutriments et parfaites pour les soupes, les rago\u00fbts ou les saut\u00e9s. Une option saine<span class=\"excerpt-hellip\"> [\u2026]<\/span><\/p>\n","protected":false},"featured_media":188797,"comment_status":"open","ping_status":"closed","template":"","meta":[],"product_cat":[8460,8613],"product_tag":[],"_links":{"self":[{"href":"https:\/\/www.laperlavalles.cat\/fr\/wp-json\/wp\/v2\/product\/188824"}],"collection":[{"href":"https:\/\/www.laperlavalles.cat\/fr\/wp-json\/wp\/v2\/product"}],"about":[{"href":"https:\/\/www.laperlavalles.cat\/fr\/wp-json\/wp\/v2\/types\/product"}],"replies":[{"embeddable":true,"href":"https:\/\/www.laperlavalles.cat\/fr\/wp-json\/wp\/v2\/comments?post=188824"}],"wp:featuredmedia":[{"embeddable":true,"href":"https:\/\/www.laperlavalles.cat\/fr\/wp-json\/wp\/v2\/media\/188797"}],"wp:attachment":[{"href":"https:\/\/www.laperlavalles.cat\/fr\/wp-json\/wp\/v2\/media?parent=188824"}],"wp:term":[{"taxonomy":"product_cat","embeddable":true,"href":"https:\/\/www.laperlavalles.cat\/fr\/wp-json\/wp\/v2\/product_cat?post=188824"},{"taxonomy":"product_tag","embeddable":true,"href":"https:\/\/www.laperlavalles.cat\/fr\/wp-json\/wp\/v2\/product_tag?post=188824"}],"curies":[{"name":"wp","href":"https:\/\/api.w.org\/{rel}","templated":true}]}}