{"id":188864,"date":"2025-03-12T15:53:31","date_gmt":"2025-03-12T14:53:49","guid":{"rendered":"https:\/\/www.laperlavalles.cat\/product\/flan-royal-avec-4-sachets\/"},"modified":"2025-03-12T18:15:59","modified_gmt":"2025-03-12T17:15:59","slug":"flan-royal-avec-4-sachets","status":"publish","type":"product","link":"https:\/\/www.laperlavalles.cat\/fr\/produit\/flan-royal-avec-4-sachets\/","title":{"rendered":"Flan Royal avec 4 sachets"},"content":{"rendered":"<p>Le flan Royal est un dessert traditionnel, facile \u00e0 pr\u00e9parer et parfait pour toute occasion. Avec une texture douce et une saveur sucr\u00e9e et d\u00e9licate, c&rsquo;est le choix id\u00e9al pour impressionner famille et amis. Il suffit d&rsquo;ajouter du lait, de suivre les instructions et de d\u00e9guster un flan cr\u00e9meux avec une touche caram\u00e9lis\u00e9e caract\u00e9ristique.<\/p>\n","protected":false},"excerpt":{"rendered":"<p>Le flan Royal est un dessert traditionnel, facile \u00e0 pr\u00e9parer et parfait pour toute occasion. Avec une texture douce et une saveur sucr\u00e9e et d\u00e9licate, c&rsquo;est<span class=\"excerpt-hellip\"> [\u2026]<\/span><\/p>\n","protected":false},"featured_media":188847,"comment_status":"open","ping_status":"closed","template":"","meta":[],"product_cat":[8446,8584],"product_tag":[],"_links":{"self":[{"href":"https:\/\/www.laperlavalles.cat\/fr\/wp-json\/wp\/v2\/product\/188864"}],"collection":[{"href":"https:\/\/www.laperlavalles.cat\/fr\/wp-json\/wp\/v2\/product"}],"about":[{"href":"https:\/\/www.laperlavalles.cat\/fr\/wp-json\/wp\/v2\/types\/product"}],"replies":[{"embeddable":true,"href":"https:\/\/www.laperlavalles.cat\/fr\/wp-json\/wp\/v2\/comments?post=188864"}],"wp:featuredmedia":[{"embeddable":true,"href":"https:\/\/www.laperlavalles.cat\/fr\/wp-json\/wp\/v2\/media\/188847"}],"wp:attachment":[{"href":"https:\/\/www.laperlavalles.cat\/fr\/wp-json\/wp\/v2\/media?parent=188864"}],"wp:term":[{"taxonomy":"product_cat","embeddable":true,"href":"https:\/\/www.laperlavalles.cat\/fr\/wp-json\/wp\/v2\/product_cat?post=188864"},{"taxonomy":"product_tag","embeddable":true,"href":"https:\/\/www.laperlavalles.cat\/fr\/wp-json\/wp\/v2\/product_tag?post=188864"}],"curies":[{"name":"wp","href":"https:\/\/api.w.org\/{rel}","templated":true}]}}