{"id":188904,"date":"2025-03-13T14:40:35","date_gmt":"2025-03-13T13:40:53","guid":{"rendered":"https:\/\/www.laperlavalles.cat\/product\/pate-dail-tooba-1-kg\/"},"modified":"2025-03-13T15:29:43","modified_gmt":"2025-03-13T14:29:43","slug":"pate-dail-tooba-1-kg","status":"publish","type":"product","link":"https:\/\/www.laperlavalles.cat\/fr\/produit\/pate-dail-tooba-1-kg\/","title":{"rendered":"P\u00c2TE D&rsquo;AIL TOOBA 1 KG"},"content":{"rendered":"<p>La P\u00e2te d&rsquo;Ail Tooba 1 kg est l&rsquo;ingr\u00e9dient parfait pour apporter une touche intense et authentique \u00e0 vos plats. \u00c9labor\u00e9e avec de l&rsquo;ail frais soigneusement s\u00e9lectionn\u00e9, cette p\u00e2te concentre tout l&rsquo;ar\u00f4me et la saveur caract\u00e9ristique de l&rsquo;ail, id\u00e9ale pour intensifier le go\u00fbt de toutes vos recettes. Particuli\u00e8rement recommand\u00e9e pour les marinades, sauces, rago\u00fbts et saut\u00e9s, elle apporte une base savoureuse qui sublime chaque bouch\u00e9e. Parfaite pour ceux qui appr\u00e9cient la cuisine maison et traditionnelle avec une touche de commodit\u00e9 et de qualit\u00e9.<\/p>\n","protected":false},"excerpt":{"rendered":"<p>La P\u00e2te d&rsquo;Ail Tooba 1 kg est l&rsquo;ingr\u00e9dient parfait pour apporter une touche intense et authentique \u00e0 vos plats. \u00c9labor\u00e9e avec de l&rsquo;ail frais soigneusement s\u00e9lectionn\u00e9,<span class=\"excerpt-hellip\"> [\u2026]<\/span><\/p>\n","protected":false},"featured_media":188887,"comment_status":"open","ping_status":"closed","template":"","meta":[],"product_cat":[10616],"product_tag":[],"_links":{"self":[{"href":"https:\/\/www.laperlavalles.cat\/fr\/wp-json\/wp\/v2\/product\/188904"}],"collection":[{"href":"https:\/\/www.laperlavalles.cat\/fr\/wp-json\/wp\/v2\/product"}],"about":[{"href":"https:\/\/www.laperlavalles.cat\/fr\/wp-json\/wp\/v2\/types\/product"}],"replies":[{"embeddable":true,"href":"https:\/\/www.laperlavalles.cat\/fr\/wp-json\/wp\/v2\/comments?post=188904"}],"wp:featuredmedia":[{"embeddable":true,"href":"https:\/\/www.laperlavalles.cat\/fr\/wp-json\/wp\/v2\/media\/188887"}],"wp:attachment":[{"href":"https:\/\/www.laperlavalles.cat\/fr\/wp-json\/wp\/v2\/media?parent=188904"}],"wp:term":[{"taxonomy":"product_cat","embeddable":true,"href":"https:\/\/www.laperlavalles.cat\/fr\/wp-json\/wp\/v2\/product_cat?post=188904"},{"taxonomy":"product_tag","embeddable":true,"href":"https:\/\/www.laperlavalles.cat\/fr\/wp-json\/wp\/v2\/product_tag?post=188904"}],"curies":[{"name":"wp","href":"https:\/\/api.w.org\/{rel}","templated":true}]}}