{"id":189014,"date":"2025-03-13T14:50:37","date_gmt":"2025-03-13T13:50:54","guid":{"rendered":"https:\/\/www.laperlavalles.cat\/product\/lotion-queen-elisabeth-400-ml\/"},"modified":"2025-03-13T15:16:31","modified_gmt":"2025-03-13T14:16:31","slug":"lotion-queen-elisabeth-400-ml","status":"publish","type":"product","link":"https:\/\/www.laperlavalles.cat\/fr\/produit\/lotion-queen-elisabeth-400-ml\/","title":{"rendered":"LOTION POUR LES MAINS ET LE CORPS AU BEURRE DE CACAO QUEEN ELISABETH 400ML"},"content":{"rendered":"<p>La Lotion Queen Elisabeth 400 ml est id\u00e9ale pour hydrater et adoucir la peau s\u00e8che, offrant une nutrition profonde et aidant \u00e0 la garder douce et souple. Parfaite pour un usage quotidien, elle apaise la peau irrit\u00e9e et est id\u00e9ale pendant et apr\u00e8s la grossesse pour prendre soin de la peau \u00e9tir\u00e9e.<\/p>\n","protected":false},"excerpt":{"rendered":"<p>La Lotion Queen Elisabeth 400 ml est id\u00e9ale pour hydrater et adoucir la peau s\u00e8che, offrant une nutrition profonde et aidant \u00e0 la garder douce et<span class=\"excerpt-hellip\"> [\u2026]<\/span><\/p>\n","protected":false},"featured_media":188997,"comment_status":"open","ping_status":"closed","template":"","meta":[],"product_cat":[8461,8597],"product_tag":[],"_links":{"self":[{"href":"https:\/\/www.laperlavalles.cat\/fr\/wp-json\/wp\/v2\/product\/189014"}],"collection":[{"href":"https:\/\/www.laperlavalles.cat\/fr\/wp-json\/wp\/v2\/product"}],"about":[{"href":"https:\/\/www.laperlavalles.cat\/fr\/wp-json\/wp\/v2\/types\/product"}],"replies":[{"embeddable":true,"href":"https:\/\/www.laperlavalles.cat\/fr\/wp-json\/wp\/v2\/comments?post=189014"}],"wp:featuredmedia":[{"embeddable":true,"href":"https:\/\/www.laperlavalles.cat\/fr\/wp-json\/wp\/v2\/media\/188997"}],"wp:attachment":[{"href":"https:\/\/www.laperlavalles.cat\/fr\/wp-json\/wp\/v2\/media?parent=189014"}],"wp:term":[{"taxonomy":"product_cat","embeddable":true,"href":"https:\/\/www.laperlavalles.cat\/fr\/wp-json\/wp\/v2\/product_cat?post=189014"},{"taxonomy":"product_tag","embeddable":true,"href":"https:\/\/www.laperlavalles.cat\/fr\/wp-json\/wp\/v2\/product_tag?post=189014"}],"curies":[{"name":"wp","href":"https:\/\/api.w.org\/{rel}","templated":true}]}}