{"id":189084,"date":"2025-03-13T14:56:23","date_gmt":"2025-03-13T13:56:23","guid":{"rendered":"https:\/\/www.laperlavalles.cat\/product\/pate-de-gingembre-et-dail-tooba-1-kg-3\/"},"modified":"2025-03-13T14:56:23","modified_gmt":"2025-03-13T13:56:23","slug":"pate-de-gingembre-et-dail-tooba-1-kg-3","status":"publish","type":"product","link":"https:\/\/www.laperlavalles.cat\/fr\/produit\/pate-de-gingembre-et-dail-tooba-1-kg-3\/","title":{"rendered":"P\u00c2TE DE GINGEMBRE ET D&rsquo;AIL TOOBA 1 KG"},"content":{"rendered":"<p>La P\u00e2te de Gingembre et d&rsquo;Ail Tooba 1 kg est la combinaison parfaite pour apporter une touche intense et authentique \u00e0 vos plats. \u00c9labor\u00e9e avec du gingembre et de l&rsquo;ail frais soigneusement s\u00e9lectionn\u00e9s, cette p\u00e2te associe deux des \u00e9pices les plus pris\u00e9es pour offrir une saveur profonde et aromatique. Id\u00e9ale pour les marinades, sauces, rago\u00fbts et saut\u00e9s, elle constitue une base culinaire polyvalente qui sublimera toutes vos recettes. Parfaite pour ceux qui recherchent la commodit\u00e9 sans renoncer au go\u00fbt traditionnel.<\/p>\n","protected":false},"excerpt":{"rendered":"<p>La P\u00e2te de Gingembre et d&rsquo;Ail Tooba 1 kg est la combinaison parfaite pour apporter une touche intense et authentique \u00e0 vos plats. \u00c9labor\u00e9e avec du<span class=\"excerpt-hellip\"> [\u2026]<\/span><\/p>\n","protected":false},"featured_media":189080,"comment_status":"open","ping_status":"closed","template":"","meta":[],"product_cat":[36],"product_tag":[],"_links":{"self":[{"href":"https:\/\/www.laperlavalles.cat\/fr\/wp-json\/wp\/v2\/product\/189084"}],"collection":[{"href":"https:\/\/www.laperlavalles.cat\/fr\/wp-json\/wp\/v2\/product"}],"about":[{"href":"https:\/\/www.laperlavalles.cat\/fr\/wp-json\/wp\/v2\/types\/product"}],"replies":[{"embeddable":true,"href":"https:\/\/www.laperlavalles.cat\/fr\/wp-json\/wp\/v2\/comments?post=189084"}],"wp:featuredmedia":[{"embeddable":true,"href":"https:\/\/www.laperlavalles.cat\/fr\/wp-json\/wp\/v2\/media\/189080"}],"wp:attachment":[{"href":"https:\/\/www.laperlavalles.cat\/fr\/wp-json\/wp\/v2\/media?parent=189084"}],"wp:term":[{"taxonomy":"product_cat","embeddable":true,"href":"https:\/\/www.laperlavalles.cat\/fr\/wp-json\/wp\/v2\/product_cat?post=189084"},{"taxonomy":"product_tag","embeddable":true,"href":"https:\/\/www.laperlavalles.cat\/fr\/wp-json\/wp\/v2\/product_tag?post=189084"}],"curies":[{"name":"wp","href":"https:\/\/api.w.org\/{rel}","templated":true}]}}