{"id":189169,"date":"2025-03-13T15:01:55","date_gmt":"2025-03-13T14:02:14","guid":{"rendered":"https:\/\/www.laperlavalles.cat\/product\/creme-pour-les-mains-et-le-corps-au-beurre-de-cacao-queen-elisabeth-500ml\/"},"modified":"2025-03-13T15:17:34","modified_gmt":"2025-03-13T14:17:34","slug":"creme-pour-les-mains-et-le-corps-au-beurre-de-cacao-queen-elisabeth-500ml","status":"publish","type":"product","link":"https:\/\/www.laperlavalles.cat\/fr\/produit\/creme-pour-les-mains-et-le-corps-au-beurre-de-cacao-queen-elisabeth-500ml\/","title":{"rendered":"CR\u00c8ME POUR LES MAINS ET LE CORPS AU BEURRE DE CACAO QUEEN ELISABETH 500ML"},"content":{"rendered":"<p>La Pommade Queen Elisabeth 250 ml est id\u00e9ale pour hydrater et nourrir en profondeur la peau s\u00e8che des mains et du corps. Avec sa texture riche et cr\u00e9meuse, elle offre une hydratation intense qui aide \u00e0 adoucir la peau rugueuse et \u00e0 la prot\u00e9ger de la s\u00e9cheresse. Parfaite pour un usage quotidien, elle apaise les irritations et maintient la peau douce, souple et saine.<\/p>\n","protected":false},"excerpt":{"rendered":"<p>La Pommade Queen Elisabeth 250 ml est id\u00e9ale pour hydrater et nourrir en profondeur la peau s\u00e8che des mains et du corps. Avec sa texture riche<span class=\"excerpt-hellip\"> [\u2026]<\/span><\/p>\n","protected":false},"featured_media":189152,"comment_status":"open","ping_status":"closed","template":"","meta":[],"product_cat":[8461,8597],"product_tag":[],"_links":{"self":[{"href":"https:\/\/www.laperlavalles.cat\/fr\/wp-json\/wp\/v2\/product\/189169"}],"collection":[{"href":"https:\/\/www.laperlavalles.cat\/fr\/wp-json\/wp\/v2\/product"}],"about":[{"href":"https:\/\/www.laperlavalles.cat\/fr\/wp-json\/wp\/v2\/types\/product"}],"replies":[{"embeddable":true,"href":"https:\/\/www.laperlavalles.cat\/fr\/wp-json\/wp\/v2\/comments?post=189169"}],"wp:featuredmedia":[{"embeddable":true,"href":"https:\/\/www.laperlavalles.cat\/fr\/wp-json\/wp\/v2\/media\/189152"}],"wp:attachment":[{"href":"https:\/\/www.laperlavalles.cat\/fr\/wp-json\/wp\/v2\/media?parent=189169"}],"wp:term":[{"taxonomy":"product_cat","embeddable":true,"href":"https:\/\/www.laperlavalles.cat\/fr\/wp-json\/wp\/v2\/product_cat?post=189169"},{"taxonomy":"product_tag","embeddable":true,"href":"https:\/\/www.laperlavalles.cat\/fr\/wp-json\/wp\/v2\/product_tag?post=189169"}],"curies":[{"name":"wp","href":"https:\/\/api.w.org\/{rel}","templated":true}]}}