{"id":189189,"date":"2025-03-13T15:03:00","date_gmt":"2025-03-13T14:03:17","guid":{"rendered":"https:\/\/www.laperlavalles.cat\/product\/glycerine-queen-elisabeth-200ml\/"},"modified":"2025-03-13T15:21:43","modified_gmt":"2025-03-13T14:21:43","slug":"glycerine-queen-elisabeth-200ml","status":"publish","type":"product","link":"https:\/\/www.laperlavalles.cat\/fr\/produit\/glycerine-queen-elisabeth-200ml\/","title":{"rendered":"GLYC\u00c9RINE QUEEN ELISABETH 200ML"},"content":{"rendered":"<p>La Glyc\u00e9rine Queen Elisabeth 200 ml est une solution \u00e9molliente et hydratante con\u00e7ue pour hydrater et prot\u00e9ger la peau s\u00e8che et rugueuse. La glyc\u00e9rine, reconnue pour sa capacit\u00e9 \u00e0 retenir l&rsquo;humidit\u00e9, aide \u00e0 maintenir la peau hydrat\u00e9e, douce et souple. Elle agit comme une barri\u00e8re protectrice contre la d\u00e9shydratation et les agressions ext\u00e9rieures, pr\u00e9venant la s\u00e9cheresse et les ger\u00e7ures. Id\u00e9ale pour une utilisation quotidienne sur les mains, les coudes, les genoux et d&rsquo;autres zones particuli\u00e8rement s\u00e8ches.<\/p>\n","protected":false},"excerpt":{"rendered":"<p>La Glyc\u00e9rine Queen Elisabeth 200 ml est une solution \u00e9molliente et hydratante con\u00e7ue pour hydrater et prot\u00e9ger la peau s\u00e8che et rugueuse. La glyc\u00e9rine, reconnue pour<span class=\"excerpt-hellip\"> [\u2026]<\/span><\/p>\n","protected":false},"featured_media":189172,"comment_status":"open","ping_status":"closed","template":"","meta":[],"product_cat":[8461,8597],"product_tag":[],"_links":{"self":[{"href":"https:\/\/www.laperlavalles.cat\/fr\/wp-json\/wp\/v2\/product\/189189"}],"collection":[{"href":"https:\/\/www.laperlavalles.cat\/fr\/wp-json\/wp\/v2\/product"}],"about":[{"href":"https:\/\/www.laperlavalles.cat\/fr\/wp-json\/wp\/v2\/types\/product"}],"replies":[{"embeddable":true,"href":"https:\/\/www.laperlavalles.cat\/fr\/wp-json\/wp\/v2\/comments?post=189189"}],"wp:featuredmedia":[{"embeddable":true,"href":"https:\/\/www.laperlavalles.cat\/fr\/wp-json\/wp\/v2\/media\/189172"}],"wp:attachment":[{"href":"https:\/\/www.laperlavalles.cat\/fr\/wp-json\/wp\/v2\/media?parent=189189"}],"wp:term":[{"taxonomy":"product_cat","embeddable":true,"href":"https:\/\/www.laperlavalles.cat\/fr\/wp-json\/wp\/v2\/product_cat?post=189189"},{"taxonomy":"product_tag","embeddable":true,"href":"https:\/\/www.laperlavalles.cat\/fr\/wp-json\/wp\/v2\/product_tag?post=189189"}],"curies":[{"name":"wp","href":"https:\/\/api.w.org\/{rel}","templated":true}]}}