{"id":189239,"date":"2025-03-13T15:07:29","date_gmt":"2025-03-13T14:07:29","guid":{"rendered":"https:\/\/www.laperlavalles.cat\/product\/pate-de-gingembre-tooba-1-kg-3\/"},"modified":"2025-03-13T15:07:29","modified_gmt":"2025-03-13T14:07:29","slug":"pate-de-gingembre-tooba-1-kg-3","status":"publish","type":"product","link":"https:\/\/www.laperlavalles.cat\/fr\/produit\/pate-de-gingembre-tooba-1-kg-3\/","title":{"rendered":"P\u00c2TE DE GINGEMBRE TOOBA 1 KG"},"content":{"rendered":"<p>La P\u00e2te de Gingembre Tooba 1 kg est l&rsquo;ingr\u00e9dient parfait pour apporter une touche fra\u00eeche et authentique \u00e0 vos plats. \u00c9labor\u00e9e \u00e0 partir de gingembre soigneusement s\u00e9lectionn\u00e9, cette p\u00e2te offre une saveur intense et un ar\u00f4me irr\u00e9sistible qui sublimera toutes vos recettes. Id\u00e9ale pour les cuisines traditionnelles et modernes, elle est parfaite pour mariner, assaisonner ou ajouter une touche sp\u00e9ciale aux sauces, rago\u00fbts et saut\u00e9s.<\/p>\n","protected":false},"excerpt":{"rendered":"<p>La P\u00e2te de Gingembre Tooba 1 kg est l&rsquo;ingr\u00e9dient parfait pour apporter une touche fra\u00eeche et authentique \u00e0 vos plats. \u00c9labor\u00e9e \u00e0 partir de gingembre soigneusement<span class=\"excerpt-hellip\"> [\u2026]<\/span><\/p>\n","protected":false},"featured_media":189235,"comment_status":"open","ping_status":"closed","template":"","meta":[],"product_cat":[36],"product_tag":[],"_links":{"self":[{"href":"https:\/\/www.laperlavalles.cat\/fr\/wp-json\/wp\/v2\/product\/189239"}],"collection":[{"href":"https:\/\/www.laperlavalles.cat\/fr\/wp-json\/wp\/v2\/product"}],"about":[{"href":"https:\/\/www.laperlavalles.cat\/fr\/wp-json\/wp\/v2\/types\/product"}],"replies":[{"embeddable":true,"href":"https:\/\/www.laperlavalles.cat\/fr\/wp-json\/wp\/v2\/comments?post=189239"}],"wp:featuredmedia":[{"embeddable":true,"href":"https:\/\/www.laperlavalles.cat\/fr\/wp-json\/wp\/v2\/media\/189235"}],"wp:attachment":[{"href":"https:\/\/www.laperlavalles.cat\/fr\/wp-json\/wp\/v2\/media?parent=189239"}],"wp:term":[{"taxonomy":"product_cat","embeddable":true,"href":"https:\/\/www.laperlavalles.cat\/fr\/wp-json\/wp\/v2\/product_cat?post=189239"},{"taxonomy":"product_tag","embeddable":true,"href":"https:\/\/www.laperlavalles.cat\/fr\/wp-json\/wp\/v2\/product_tag?post=189239"}],"curies":[{"name":"wp","href":"https:\/\/api.w.org\/{rel}","templated":true}]}}