{"id":189289,"date":"2025-03-13T15:10:36","date_gmt":"2025-03-13T14:10:54","guid":{"rendered":"https:\/\/www.laperlavalles.cat\/product\/reine-elisabeth-beurre-de-cacao-200-gr\/"},"modified":"2025-03-13T15:19:53","modified_gmt":"2025-03-13T14:19:53","slug":"reine-elisabeth-beurre-de-cacao-200-gr","status":"publish","type":"product","link":"https:\/\/www.laperlavalles.cat\/fr\/produit\/reine-elisabeth-beurre-de-cacao-200-gr\/","title":{"rendered":"REINE ELISABETH BEURRE DE CACAO 200 GR"},"content":{"rendered":"<p>Le Savon au Beurre de Cacao Queen Elisabeth nettoie en douceur la peau tout en la nourrissant et l&rsquo;hydratant. Enrichi en beurre de cacao naturel, il aide \u00e0 garder la peau douce, souple et \u00e9clatante, la prot\u00e9geant de la s\u00e9cheresse. Id\u00e9al pour une utilisation quotidienne sur tous les types de peau, y compris les peaux s\u00e8ches et sensibles.<\/p>\n","protected":false},"excerpt":{"rendered":"<p>Le Savon au Beurre de Cacao Queen Elisabeth nettoie en douceur la peau tout en la nourrissant et l&rsquo;hydratant. Enrichi en beurre de cacao naturel, il<span class=\"excerpt-hellip\"> [\u2026]<\/span><\/p>\n","protected":false},"featured_media":189272,"comment_status":"open","ping_status":"closed","template":"","meta":[],"product_cat":[8461,8597],"product_tag":[],"_links":{"self":[{"href":"https:\/\/www.laperlavalles.cat\/fr\/wp-json\/wp\/v2\/product\/189289"}],"collection":[{"href":"https:\/\/www.laperlavalles.cat\/fr\/wp-json\/wp\/v2\/product"}],"about":[{"href":"https:\/\/www.laperlavalles.cat\/fr\/wp-json\/wp\/v2\/types\/product"}],"replies":[{"embeddable":true,"href":"https:\/\/www.laperlavalles.cat\/fr\/wp-json\/wp\/v2\/comments?post=189289"}],"wp:featuredmedia":[{"embeddable":true,"href":"https:\/\/www.laperlavalles.cat\/fr\/wp-json\/wp\/v2\/media\/189272"}],"wp:attachment":[{"href":"https:\/\/www.laperlavalles.cat\/fr\/wp-json\/wp\/v2\/media?parent=189289"}],"wp:term":[{"taxonomy":"product_cat","embeddable":true,"href":"https:\/\/www.laperlavalles.cat\/fr\/wp-json\/wp\/v2\/product_cat?post=189289"},{"taxonomy":"product_tag","embeddable":true,"href":"https:\/\/www.laperlavalles.cat\/fr\/wp-json\/wp\/v2\/product_tag?post=189289"}],"curies":[{"name":"wp","href":"https:\/\/api.w.org\/{rel}","templated":true}]}}