{"id":189349,"date":"2025-03-13T15:30:37","date_gmt":"2025-03-13T14:30:56","guid":{"rendered":"https:\/\/www.laperlavalles.cat\/product\/lotion-pour-les-mains-et-le-corps-au-beurre-de-karite-queen-elisabeth-400ml\/"},"modified":"2025-03-13T15:32:58","modified_gmt":"2025-03-13T14:32:58","slug":"lotion-pour-les-mains-et-le-corps-au-beurre-de-karite-queen-elisabeth-400ml","status":"publish","type":"product","link":"https:\/\/www.laperlavalles.cat\/fr\/produit\/lotion-pour-les-mains-et-le-corps-au-beurre-de-karite-queen-elisabeth-400ml\/","title":{"rendered":"LOTION POUR LES MAINS ET LE CORPS AU BEURRE DE KARIT\u00c9 QUEEN ELISABETH 400ML"},"content":{"rendered":"<p>La lotion Queen Elisabeth au beurre de karit\u00e9 400 ml est un hydratant corporel enrichi en beurre de karit\u00e9 naturel, id\u00e9al pour nourrir, adoucir et prot\u00e9ger la peau. Sa formule aide \u00e0 restaurer l&rsquo;hydratation essentielle, \u00e0 am\u00e9liorer l&rsquo;\u00e9lasticit\u00e9 et \u00e0 soulager la s\u00e9cheresse, l&rsquo;irritation ou les ger\u00e7ures. Convient pour une utilisation sur les mains, le visage et le corps, offrant une sensation de confort sans laisser de r\u00e9sidus gras. De plus, elle aide \u00e0 pr\u00e9venir et \u00e0 r\u00e9duire les vergetures, ce qui la rend particuli\u00e8rement b\u00e9n\u00e9fique pour les peaux expos\u00e9es aux conditions climatiques difficiles.<\/p>\n","protected":false},"excerpt":{"rendered":"<p>La lotion Queen Elisabeth au beurre de karit\u00e9 400 ml est un hydratant corporel enrichi en beurre de karit\u00e9 naturel, id\u00e9al pour nourrir, adoucir et prot\u00e9ger<span class=\"excerpt-hellip\"> [\u2026]<\/span><\/p>\n","protected":false},"featured_media":189332,"comment_status":"open","ping_status":"closed","template":"","meta":[],"product_cat":[8461,8597],"product_tag":[],"_links":{"self":[{"href":"https:\/\/www.laperlavalles.cat\/fr\/wp-json\/wp\/v2\/product\/189349"}],"collection":[{"href":"https:\/\/www.laperlavalles.cat\/fr\/wp-json\/wp\/v2\/product"}],"about":[{"href":"https:\/\/www.laperlavalles.cat\/fr\/wp-json\/wp\/v2\/types\/product"}],"replies":[{"embeddable":true,"href":"https:\/\/www.laperlavalles.cat\/fr\/wp-json\/wp\/v2\/comments?post=189349"}],"wp:featuredmedia":[{"embeddable":true,"href":"https:\/\/www.laperlavalles.cat\/fr\/wp-json\/wp\/v2\/media\/189332"}],"wp:attachment":[{"href":"https:\/\/www.laperlavalles.cat\/fr\/wp-json\/wp\/v2\/media?parent=189349"}],"wp:term":[{"taxonomy":"product_cat","embeddable":true,"href":"https:\/\/www.laperlavalles.cat\/fr\/wp-json\/wp\/v2\/product_cat?post=189349"},{"taxonomy":"product_tag","embeddable":true,"href":"https:\/\/www.laperlavalles.cat\/fr\/wp-json\/wp\/v2\/product_tag?post=189349"}],"curies":[{"name":"wp","href":"https:\/\/api.w.org\/{rel}","templated":true}]}}