{"id":189369,"date":"2025-03-13T15:40:36","date_gmt":"2025-03-13T14:40:55","guid":{"rendered":"https:\/\/www.laperlavalles.cat\/product\/ever-sheen-creme-au-beurre-de-cacao-250-ml\/"},"modified":"2025-03-13T15:42:36","modified_gmt":"2025-03-13T14:42:36","slug":"ever-sheen-creme-au-beurre-de-cacao-250-ml","status":"publish","type":"product","link":"https:\/\/www.laperlavalles.cat\/fr\/produit\/ever-sheen-creme-au-beurre-de-cacao-250-ml\/","title":{"rendered":"EVER SHEEN CR\u00c8ME AU BEURRE DE CACAO 250 ML"},"content":{"rendered":"<p>La cr\u00e8me Ever Sheen Cocoa Butter de 250 ml est un hydratant corporel enrichi en beurre de cacao naturel, id\u00e9al pour adoucir, nourrir et prot\u00e9ger la peau. Sa formule offre une hydratation en profondeur, soulageant la s\u00e9cheresse, am\u00e9liorant l&rsquo;\u00e9lasticit\u00e9 et aidant \u00e0 apaiser la peau irrit\u00e9e ou gerc\u00e9e. Elle est \u00e9galement efficace pour soulager l&rsquo;inconfort de la peau tendue pendant et apr\u00e8s la grossesse, et offre une protection contre les effets nocifs du soleil et du vent. Une utilisation r\u00e9guli\u00e8re laisse la peau douce, ferme et d&rsquo;apparence saine.<\/p>\n","protected":false},"excerpt":{"rendered":"<p>La cr\u00e8me Ever Sheen Cocoa Butter de 250 ml est un hydratant corporel enrichi en beurre de cacao naturel, id\u00e9al pour adoucir, nourrir et prot\u00e9ger la<span class=\"excerpt-hellip\"> [\u2026]<\/span><\/p>\n","protected":false},"featured_media":189352,"comment_status":"open","ping_status":"closed","template":"","meta":[],"product_cat":[8461,8597],"product_tag":[],"_links":{"self":[{"href":"https:\/\/www.laperlavalles.cat\/fr\/wp-json\/wp\/v2\/product\/189369"}],"collection":[{"href":"https:\/\/www.laperlavalles.cat\/fr\/wp-json\/wp\/v2\/product"}],"about":[{"href":"https:\/\/www.laperlavalles.cat\/fr\/wp-json\/wp\/v2\/types\/product"}],"replies":[{"embeddable":true,"href":"https:\/\/www.laperlavalles.cat\/fr\/wp-json\/wp\/v2\/comments?post=189369"}],"wp:featuredmedia":[{"embeddable":true,"href":"https:\/\/www.laperlavalles.cat\/fr\/wp-json\/wp\/v2\/media\/189352"}],"wp:attachment":[{"href":"https:\/\/www.laperlavalles.cat\/fr\/wp-json\/wp\/v2\/media?parent=189369"}],"wp:term":[{"taxonomy":"product_cat","embeddable":true,"href":"https:\/\/www.laperlavalles.cat\/fr\/wp-json\/wp\/v2\/product_cat?post=189369"},{"taxonomy":"product_tag","embeddable":true,"href":"https:\/\/www.laperlavalles.cat\/fr\/wp-json\/wp\/v2\/product_tag?post=189369"}],"curies":[{"name":"wp","href":"https:\/\/api.w.org\/{rel}","templated":true}]}}