{"id":189389,"date":"2025-03-14T08:50:34","date_gmt":"2025-03-14T07:50:51","guid":{"rendered":"https:\/\/www.laperlavalles.cat\/product\/savon-ever-sheen-au-beurre-de-cacao-200-g\/"},"modified":"2026-03-12T12:23:31","modified_gmt":"2026-03-12T11:23:31","slug":"savon-ever-sheen-au-beurre-de-cacao-200-g","status":"publish","type":"product","link":"https:\/\/www.laperlavalles.cat\/fr\/produit\/savon-ever-sheen-au-beurre-de-cacao-200-g\/","title":{"rendered":"SAVON EVER SHEEN AU BEURRE DE CACAO 200 G"},"content":{"rendered":"<p>Le savon Ever Sheen Cocoa Butter de 200 g est un produit de nettoyage corporel enrichi en beurre de cacao naturel, vitamines et min\u00e9raux. Sa formule sp\u00e9ciale offre un nettoyage doux mais efficace, aidant \u00e0 hydrater, nourrir et adoucir la peau. Il est id\u00e9al pour une utilisation quotidienne, laissant la peau propre, fra\u00eeche et \u00e9clatante de sant\u00e9. De plus, il aide \u00e0 maintenir la souplesse de la peau et la prot\u00e8ge contre la s\u00e9cheresse.<\/p>\n","protected":false},"excerpt":{"rendered":"<p>Le savon Ever Sheen Cocoa Butter de 200 g est un produit de nettoyage corporel enrichi en beurre de cacao naturel, vitamines et min\u00e9raux. Sa formule<span class=\"excerpt-hellip\"> [\u2026]<\/span><\/p>\n","protected":false},"featured_media":189372,"comment_status":"open","ping_status":"closed","template":"","meta":[],"product_cat":[8461,8597],"product_tag":[],"_links":{"self":[{"href":"https:\/\/www.laperlavalles.cat\/fr\/wp-json\/wp\/v2\/product\/189389"}],"collection":[{"href":"https:\/\/www.laperlavalles.cat\/fr\/wp-json\/wp\/v2\/product"}],"about":[{"href":"https:\/\/www.laperlavalles.cat\/fr\/wp-json\/wp\/v2\/types\/product"}],"replies":[{"embeddable":true,"href":"https:\/\/www.laperlavalles.cat\/fr\/wp-json\/wp\/v2\/comments?post=189389"}],"wp:featuredmedia":[{"embeddable":true,"href":"https:\/\/www.laperlavalles.cat\/fr\/wp-json\/wp\/v2\/media\/189372"}],"wp:attachment":[{"href":"https:\/\/www.laperlavalles.cat\/fr\/wp-json\/wp\/v2\/media?parent=189389"}],"wp:term":[{"taxonomy":"product_cat","embeddable":true,"href":"https:\/\/www.laperlavalles.cat\/fr\/wp-json\/wp\/v2\/product_cat?post=189389"},{"taxonomy":"product_tag","embeddable":true,"href":"https:\/\/www.laperlavalles.cat\/fr\/wp-json\/wp\/v2\/product_tag?post=189389"}],"curies":[{"name":"wp","href":"https:\/\/api.w.org\/{rel}","templated":true}]}}