{"id":189409,"date":"2025-03-14T09:00:34","date_gmt":"2025-03-14T08:00:51","guid":{"rendered":"https:\/\/www.laperlavalles.cat\/product\/ever-sheen-creme-au-beurre-de-cacao-250-ml-2\/"},"modified":"2025-03-14T09:09:37","modified_gmt":"2025-03-14T08:09:37","slug":"ever-sheen-creme-au-beurre-de-cacao-250-ml-2","status":"publish","type":"product","link":"https:\/\/www.laperlavalles.cat\/fr\/produit\/ever-sheen-creme-au-beurre-de-cacao-250-ml-2\/","title":{"rendered":"EVER SHEEN CR\u00c8ME AU BEURRE DE CACAO 250 ML"},"content":{"rendered":"<p>La lotion Ever Sheen Hand &amp; Body de 500 ml est un hydratant corporel enrichi en beurre de cacao naturel et en vitamine E, id\u00e9al pour nourrir et adoucir la peau. Sa formule l\u00e9g\u00e8re et non grasse est rapidement absorb\u00e9e, offrant une hydratation en profondeur qui am\u00e9liore l&rsquo;\u00e9lasticit\u00e9 et la texture de la peau, la laissant douce et d&rsquo;apparence saine. Elle convient \u00e0 tous les types de peau et son utilisation quotidienne aide \u00e0 prot\u00e9ger contre la s\u00e9cheresse et \u00e0 maintenir une apparence jeune et \u00e9clatante.<\/p>\n","protected":false},"excerpt":{"rendered":"<p>La lotion Ever Sheen Hand &amp; Body de 500 ml est un hydratant corporel enrichi en beurre de cacao naturel et en vitamine E, id\u00e9al pour<span class=\"excerpt-hellip\"> [\u2026]<\/span><\/p>\n","protected":false},"featured_media":189392,"comment_status":"open","ping_status":"closed","template":"","meta":[],"product_cat":[8461,8597],"product_tag":[],"_links":{"self":[{"href":"https:\/\/www.laperlavalles.cat\/fr\/wp-json\/wp\/v2\/product\/189409"}],"collection":[{"href":"https:\/\/www.laperlavalles.cat\/fr\/wp-json\/wp\/v2\/product"}],"about":[{"href":"https:\/\/www.laperlavalles.cat\/fr\/wp-json\/wp\/v2\/types\/product"}],"replies":[{"embeddable":true,"href":"https:\/\/www.laperlavalles.cat\/fr\/wp-json\/wp\/v2\/comments?post=189409"}],"wp:featuredmedia":[{"embeddable":true,"href":"https:\/\/www.laperlavalles.cat\/fr\/wp-json\/wp\/v2\/media\/189392"}],"wp:attachment":[{"href":"https:\/\/www.laperlavalles.cat\/fr\/wp-json\/wp\/v2\/media?parent=189409"}],"wp:term":[{"taxonomy":"product_cat","embeddable":true,"href":"https:\/\/www.laperlavalles.cat\/fr\/wp-json\/wp\/v2\/product_cat?post=189409"},{"taxonomy":"product_tag","embeddable":true,"href":"https:\/\/www.laperlavalles.cat\/fr\/wp-json\/wp\/v2\/product_tag?post=189409"}],"curies":[{"name":"wp","href":"https:\/\/api.w.org\/{rel}","templated":true}]}}