{"id":189429,"date":"2025-03-14T09:01:43","date_gmt":"2025-03-14T08:01:59","guid":{"rendered":"https:\/\/www.laperlavalles.cat\/product\/rubee-indian-hemp-16-oz\/"},"modified":"2025-03-14T09:17:17","modified_gmt":"2025-03-14T08:17:17","slug":"rubee-indian-hemp-16-oz","status":"publish","type":"product","link":"https:\/\/www.laperlavalles.cat\/fr\/produit\/rubee-indian-hemp-16-oz\/","title":{"rendered":"RUBEE INDIAN HEMP 16 OZ"},"content":{"rendered":"<p>Rubee Indian Hemp de 16 oz est un traitement pour les cheveux et le cuir chevelu qui prot\u00e8ge contre la s\u00e9cheresse et les dommages caus\u00e9s par l&rsquo;utilisation d&rsquo;outils chauffants. Les herbes naturelles pr\u00e9sentes dans sa formule nourrissent les cheveux, restaurant la douceur des cheveux secs et ternes.<\/p>\n","protected":false},"excerpt":{"rendered":"<p>Rubee Indian Hemp de 16 oz est un traitement pour les cheveux et le cuir chevelu qui prot\u00e8ge contre la s\u00e9cheresse et les dommages caus\u00e9s par<span class=\"excerpt-hellip\"> [\u2026]<\/span><\/p>\n","protected":false},"featured_media":189412,"comment_status":"open","ping_status":"closed","template":"","meta":[],"product_cat":[8461,24331],"product_tag":[],"_links":{"self":[{"href":"https:\/\/www.laperlavalles.cat\/fr\/wp-json\/wp\/v2\/product\/189429"}],"collection":[{"href":"https:\/\/www.laperlavalles.cat\/fr\/wp-json\/wp\/v2\/product"}],"about":[{"href":"https:\/\/www.laperlavalles.cat\/fr\/wp-json\/wp\/v2\/types\/product"}],"replies":[{"embeddable":true,"href":"https:\/\/www.laperlavalles.cat\/fr\/wp-json\/wp\/v2\/comments?post=189429"}],"wp:featuredmedia":[{"embeddable":true,"href":"https:\/\/www.laperlavalles.cat\/fr\/wp-json\/wp\/v2\/media\/189412"}],"wp:attachment":[{"href":"https:\/\/www.laperlavalles.cat\/fr\/wp-json\/wp\/v2\/media?parent=189429"}],"wp:term":[{"taxonomy":"product_cat","embeddable":true,"href":"https:\/\/www.laperlavalles.cat\/fr\/wp-json\/wp\/v2\/product_cat?post=189429"},{"taxonomy":"product_tag","embeddable":true,"href":"https:\/\/www.laperlavalles.cat\/fr\/wp-json\/wp\/v2\/product_tag?post=189429"}],"curies":[{"name":"wp","href":"https:\/\/api.w.org\/{rel}","templated":true}]}}