{"id":189449,"date":"2025-03-14T09:03:24","date_gmt":"2025-03-14T08:03:41","guid":{"rendered":"https:\/\/www.laperlavalles.cat\/product\/beurre-corporel-et-spa-rubee-85-oz\/"},"modified":"2025-03-14T09:18:49","modified_gmt":"2025-03-14T08:18:49","slug":"beurre-corporel-et-spa-rubee-85-oz","status":"publish","type":"product","link":"https:\/\/www.laperlavalles.cat\/fr\/produit\/beurre-corporel-et-spa-rubee-85-oz\/","title":{"rendered":"BEURRE CORPOREL ET SPA RUBEE 8,5 OZ"},"content":{"rendered":"<p>Le BEURRE CORPOREL ET SPA RUBEE de 8,5 oz est une cr\u00e8me intens\u00e9ment nourrissante, con\u00e7ue pour hydrater en profondeur et adoucir la peau s\u00e8che. Enrichie en beurre de cacao et en huiles naturelles, elle aide \u00e0 garder la peau souple et prot\u00e9g\u00e9e contre la s\u00e9cheresse. Id\u00e9ale pour un usage quotidien, elle laisse une sensation soyeuse et un parfum d\u00e9licat qui dure toute la journ\u00e9e.<\/p>\n","protected":false},"excerpt":{"rendered":"<p>Le BEURRE CORPOREL ET SPA RUBEE de 8,5 oz est une cr\u00e8me intens\u00e9ment nourrissante, con\u00e7ue pour hydrater en profondeur et adoucir la peau s\u00e8che. Enrichie en<span class=\"excerpt-hellip\"> [\u2026]<\/span><\/p>\n","protected":false},"featured_media":189432,"comment_status":"open","ping_status":"closed","template":"","meta":[],"product_cat":[8461,8597],"product_tag":[],"_links":{"self":[{"href":"https:\/\/www.laperlavalles.cat\/fr\/wp-json\/wp\/v2\/product\/189449"}],"collection":[{"href":"https:\/\/www.laperlavalles.cat\/fr\/wp-json\/wp\/v2\/product"}],"about":[{"href":"https:\/\/www.laperlavalles.cat\/fr\/wp-json\/wp\/v2\/types\/product"}],"replies":[{"embeddable":true,"href":"https:\/\/www.laperlavalles.cat\/fr\/wp-json\/wp\/v2\/comments?post=189449"}],"wp:featuredmedia":[{"embeddable":true,"href":"https:\/\/www.laperlavalles.cat\/fr\/wp-json\/wp\/v2\/media\/189432"}],"wp:attachment":[{"href":"https:\/\/www.laperlavalles.cat\/fr\/wp-json\/wp\/v2\/media?parent=189449"}],"wp:term":[{"taxonomy":"product_cat","embeddable":true,"href":"https:\/\/www.laperlavalles.cat\/fr\/wp-json\/wp\/v2\/product_cat?post=189449"},{"taxonomy":"product_tag","embeddable":true,"href":"https:\/\/www.laperlavalles.cat\/fr\/wp-json\/wp\/v2\/product_tag?post=189449"}],"curies":[{"name":"wp","href":"https:\/\/api.w.org\/{rel}","templated":true}]}}