{"id":189469,"date":"2025-03-14T09:05:12","date_gmt":"2025-03-14T08:05:29","guid":{"rendered":"https:\/\/www.laperlavalles.cat\/product\/pommade-capillaire-rubee-16-oz\/"},"modified":"2025-03-14T09:20:24","modified_gmt":"2025-03-14T08:20:24","slug":"pommade-capillaire-rubee-16-oz","status":"publish","type":"product","link":"https:\/\/www.laperlavalles.cat\/fr\/produit\/pommade-capillaire-rubee-16-oz\/","title":{"rendered":"POMMADE CAPILLAIRE RUBEE 16 OZ"},"content":{"rendered":"<p>La pommade capillaire Rubee de 16 oz est un revitalisant pour les cheveux et le cuir chevelu enrichi d&rsquo;un m\u00e9lange d&rsquo;huiles essentielles et d&rsquo;herbes. Cette formule restaure et revitalise l&rsquo;hydratation naturelle des cheveux, aidant \u00e0 pr\u00e9venir la casse et ajoutant de la brillance aux cheveux ternes et ab\u00eem\u00e9s.<\/p>\n","protected":false},"excerpt":{"rendered":"<p>La pommade capillaire Rubee de 16 oz est un revitalisant pour les cheveux et le cuir chevelu enrichi d&rsquo;un m\u00e9lange d&rsquo;huiles essentielles et d&rsquo;herbes. Cette formule<span class=\"excerpt-hellip\"> [\u2026]<\/span><\/p>\n","protected":false},"featured_media":189452,"comment_status":"open","ping_status":"closed","template":"","meta":[],"product_cat":[8461,24331],"product_tag":[],"_links":{"self":[{"href":"https:\/\/www.laperlavalles.cat\/fr\/wp-json\/wp\/v2\/product\/189469"}],"collection":[{"href":"https:\/\/www.laperlavalles.cat\/fr\/wp-json\/wp\/v2\/product"}],"about":[{"href":"https:\/\/www.laperlavalles.cat\/fr\/wp-json\/wp\/v2\/types\/product"}],"replies":[{"embeddable":true,"href":"https:\/\/www.laperlavalles.cat\/fr\/wp-json\/wp\/v2\/comments?post=189469"}],"wp:featuredmedia":[{"embeddable":true,"href":"https:\/\/www.laperlavalles.cat\/fr\/wp-json\/wp\/v2\/media\/189452"}],"wp:attachment":[{"href":"https:\/\/www.laperlavalles.cat\/fr\/wp-json\/wp\/v2\/media?parent=189469"}],"wp:term":[{"taxonomy":"product_cat","embeddable":true,"href":"https:\/\/www.laperlavalles.cat\/fr\/wp-json\/wp\/v2\/product_cat?post=189469"},{"taxonomy":"product_tag","embeddable":true,"href":"https:\/\/www.laperlavalles.cat\/fr\/wp-json\/wp\/v2\/product_tag?post=189469"}],"curies":[{"name":"wp","href":"https:\/\/api.w.org\/{rel}","templated":true}]}}