{"id":189489,"date":"2025-03-14T09:10:37","date_gmt":"2025-03-14T08:10:55","guid":{"rendered":"https:\/\/www.laperlavalles.cat\/product\/lotion-au-beurre-de-cacao-rinju-16-oz\/"},"modified":"2025-03-14T09:25:58","modified_gmt":"2025-03-14T08:25:58","slug":"lotion-au-beurre-de-cacao-rinju-16-oz","status":"publish","type":"product","link":"https:\/\/www.laperlavalles.cat\/fr\/produit\/lotion-au-beurre-de-cacao-rinju-16-oz\/","title":{"rendered":"LOTION AU BEURRE DE CACAO RINJU 16 OZ"},"content":{"rendered":"<p>La LOTION AU BEURRE DE CACAO RINJU de 16 oz hydrate intens\u00e9ment la peau, aidant \u00e0 adoucir et \u00e0 restaurer son \u00e9lasticit\u00e9 naturelle. Formul\u00e9e avec du beurre de cacao, elle offre une nutrition profonde et prot\u00e8ge contre la s\u00e9cheresse. Id\u00e9ale pour une utilisation quotidienne, elle laisse la peau douce, \u00e9clatante et agr\u00e9ablement parfum\u00e9e.<\/p>\n","protected":false},"excerpt":{"rendered":"<p>La LOTION AU BEURRE DE CACAO RINJU de 16 oz hydrate intens\u00e9ment la peau, aidant \u00e0 adoucir et \u00e0 restaurer son \u00e9lasticit\u00e9 naturelle. Formul\u00e9e avec du<span class=\"excerpt-hellip\"> [\u2026]<\/span><\/p>\n","protected":false},"featured_media":189472,"comment_status":"open","ping_status":"closed","template":"","meta":[],"product_cat":[8461,8597],"product_tag":[],"_links":{"self":[{"href":"https:\/\/www.laperlavalles.cat\/fr\/wp-json\/wp\/v2\/product\/189489"}],"collection":[{"href":"https:\/\/www.laperlavalles.cat\/fr\/wp-json\/wp\/v2\/product"}],"about":[{"href":"https:\/\/www.laperlavalles.cat\/fr\/wp-json\/wp\/v2\/types\/product"}],"replies":[{"embeddable":true,"href":"https:\/\/www.laperlavalles.cat\/fr\/wp-json\/wp\/v2\/comments?post=189489"}],"wp:featuredmedia":[{"embeddable":true,"href":"https:\/\/www.laperlavalles.cat\/fr\/wp-json\/wp\/v2\/media\/189472"}],"wp:attachment":[{"href":"https:\/\/www.laperlavalles.cat\/fr\/wp-json\/wp\/v2\/media?parent=189489"}],"wp:term":[{"taxonomy":"product_cat","embeddable":true,"href":"https:\/\/www.laperlavalles.cat\/fr\/wp-json\/wp\/v2\/product_cat?post=189489"},{"taxonomy":"product_tag","embeddable":true,"href":"https:\/\/www.laperlavalles.cat\/fr\/wp-json\/wp\/v2\/product_tag?post=189489"}],"curies":[{"name":"wp","href":"https:\/\/api.w.org\/{rel}","templated":true}]}}