{"id":189569,"date":"2025-03-14T09:21:43","date_gmt":"2025-03-14T08:22:00","guid":{"rendered":"https:\/\/www.laperlavalles.cat\/product\/lotion-pour-les-mains-et-le-corps-latouche-16-oz\/"},"modified":"2025-03-14T09:30:48","modified_gmt":"2025-03-14T08:30:48","slug":"lotion-pour-les-mains-et-le-corps-latouche-16-oz","status":"publish","type":"product","link":"https:\/\/www.laperlavalles.cat\/fr\/produit\/lotion-pour-les-mains-et-le-corps-latouche-16-oz\/","title":{"rendered":"LOTION POUR LES MAINS ET LE CORPS LATOUCHE 16 OZ"},"content":{"rendered":"<p>La LOTION POUR LES MAINS ET LE CORPS LATOUCHE de 16 oz est formul\u00e9e pour offrir une hydratation profonde et durable, aidant \u00e0 garder la peau douce et souple. Id\u00e9ale pour tous les types de peau, sa texture l\u00e9g\u00e8re s&rsquo;absorbe facilement, laissant une sensation de fra\u00eecheur et de confort. Parfaite pour une utilisation quotidienne, elle nourrit et prot\u00e8ge contre la s\u00e9cheresse.<\/p>\n","protected":false},"excerpt":{"rendered":"<p>La LOTION POUR LES MAINS ET LE CORPS LATOUCHE de 16 oz est formul\u00e9e pour offrir une hydratation profonde et durable, aidant \u00e0 garder la peau<span class=\"excerpt-hellip\"> [\u2026]<\/span><\/p>\n","protected":false},"featured_media":189552,"comment_status":"open","ping_status":"closed","template":"","meta":[],"product_cat":[8461,8597],"product_tag":[],"_links":{"self":[{"href":"https:\/\/www.laperlavalles.cat\/fr\/wp-json\/wp\/v2\/product\/189569"}],"collection":[{"href":"https:\/\/www.laperlavalles.cat\/fr\/wp-json\/wp\/v2\/product"}],"about":[{"href":"https:\/\/www.laperlavalles.cat\/fr\/wp-json\/wp\/v2\/types\/product"}],"replies":[{"embeddable":true,"href":"https:\/\/www.laperlavalles.cat\/fr\/wp-json\/wp\/v2\/comments?post=189569"}],"wp:featuredmedia":[{"embeddable":true,"href":"https:\/\/www.laperlavalles.cat\/fr\/wp-json\/wp\/v2\/media\/189552"}],"wp:attachment":[{"href":"https:\/\/www.laperlavalles.cat\/fr\/wp-json\/wp\/v2\/media?parent=189569"}],"wp:term":[{"taxonomy":"product_cat","embeddable":true,"href":"https:\/\/www.laperlavalles.cat\/fr\/wp-json\/wp\/v2\/product_cat?post=189569"},{"taxonomy":"product_tag","embeddable":true,"href":"https:\/\/www.laperlavalles.cat\/fr\/wp-json\/wp\/v2\/product_tag?post=189569"}],"curies":[{"name":"wp","href":"https:\/\/api.w.org\/{rel}","templated":true}]}}