{"id":189629,"date":"2025-03-14T09:40:34","date_gmt":"2025-03-14T08:40:51","guid":{"rendered":"https:\/\/www.laperlavalles.cat\/product\/mielle-pomegranatehoney-curl-refreshing-spray-240ml\/"},"modified":"2025-09-04T17:34:24","modified_gmt":"2025-09-04T15:34:24","slug":"mielle-pomegranatehoney-curl-refreshing-spray-240ml","status":"publish","type":"product","link":"https:\/\/www.laperlavalles.cat\/fr\/produit\/mielle-pomegranatehoney-curl-refreshing-spray-240ml\/","title":{"rendered":"MIELLE POMEGRANATE&amp;HONEY CURL REFRESHING SPRAY 240ML"},"content":{"rendered":"<p>Le spray rafra\u00eechissant pour boucles Mielle \u00e0 la grenade et au miel est parfait pour revitaliser les boucles entre les lavages. Il hydrate, contr\u00f4le les frisottis et red\u00e9finit les boucles, les laissant douces et brillantes. Gr\u00e2ce \u00e0 des ingr\u00e9dients naturels comme le miel et l&rsquo;extrait de grenade, ce spray aide \u00e0 nourrir et \u00e0 maintenir les cheveux en bonne sant\u00e9 toute la journ\u00e9e. Id\u00e9al pour les cheveux \u00e9pais et boucl\u00e9s qui ont besoin d&rsquo;une hydratation suppl\u00e9mentaire.<\/p>\n","protected":false},"excerpt":{"rendered":"<p>Le spray rafra\u00eechissant pour boucles Mielle \u00e0 la grenade et au miel est parfait pour revitaliser les boucles entre les lavages. Il hydrate, contr\u00f4le les frisottis<span class=\"excerpt-hellip\"> [\u2026]<\/span><\/p>\n","protected":false},"featured_media":189612,"comment_status":"open","ping_status":"closed","template":"","meta":[],"product_cat":[10616],"product_tag":[],"_links":{"self":[{"href":"https:\/\/www.laperlavalles.cat\/fr\/wp-json\/wp\/v2\/product\/189629"}],"collection":[{"href":"https:\/\/www.laperlavalles.cat\/fr\/wp-json\/wp\/v2\/product"}],"about":[{"href":"https:\/\/www.laperlavalles.cat\/fr\/wp-json\/wp\/v2\/types\/product"}],"replies":[{"embeddable":true,"href":"https:\/\/www.laperlavalles.cat\/fr\/wp-json\/wp\/v2\/comments?post=189629"}],"wp:featuredmedia":[{"embeddable":true,"href":"https:\/\/www.laperlavalles.cat\/fr\/wp-json\/wp\/v2\/media\/189612"}],"wp:attachment":[{"href":"https:\/\/www.laperlavalles.cat\/fr\/wp-json\/wp\/v2\/media?parent=189629"}],"wp:term":[{"taxonomy":"product_cat","embeddable":true,"href":"https:\/\/www.laperlavalles.cat\/fr\/wp-json\/wp\/v2\/product_cat?post=189629"},{"taxonomy":"product_tag","embeddable":true,"href":"https:\/\/www.laperlavalles.cat\/fr\/wp-json\/wp\/v2\/product_tag?post=189629"}],"curies":[{"name":"wp","href":"https:\/\/api.w.org\/{rel}","templated":true}]}}