{"id":189649,"date":"2025-03-14T09:50:34","date_gmt":"2025-03-14T08:50:51","guid":{"rendered":"https:\/\/www.laperlavalles.cat\/product\/mielle-pomegranate-honey-stretch-mark-cream-85g\/"},"modified":"2025-09-04T17:33:00","modified_gmt":"2025-09-04T15:33:00","slug":"mielle-pomegranate-honey-stretch-mark-cream-85g","status":"publish","type":"product","link":"https:\/\/www.laperlavalles.cat\/fr\/produit\/mielle-pomegranate-honey-stretch-mark-cream-85g\/","title":{"rendered":"MIELLE POMEGRANATE &amp; HONEY STRETCH MARK CREAM 85G"},"content":{"rendered":"<p>La cr\u00e8me anti-vergetures de Mielle \u00e0 la grenade et au miel hydrate la peau en profondeur et am\u00e9liore son \u00e9lasticit\u00e9. Sa composition naturelle aide \u00e0 att\u00e9nuer les vergetures existantes et \u00e0 pr\u00e9venir l\u2019apparition de nouvelles, tout en laissant la peau douce et nourrie.<\/p>\n","protected":false},"excerpt":{"rendered":"<p>La cr\u00e8me anti-vergetures de Mielle \u00e0 la grenade et au miel hydrate la peau en profondeur et am\u00e9liore son \u00e9lasticit\u00e9. Sa composition naturelle aide \u00e0 att\u00e9nuer<span class=\"excerpt-hellip\"> [\u2026]<\/span><\/p>\n","protected":false},"featured_media":189632,"comment_status":"open","ping_status":"closed","template":"","meta":[],"product_cat":[10616],"product_tag":[],"_links":{"self":[{"href":"https:\/\/www.laperlavalles.cat\/fr\/wp-json\/wp\/v2\/product\/189649"}],"collection":[{"href":"https:\/\/www.laperlavalles.cat\/fr\/wp-json\/wp\/v2\/product"}],"about":[{"href":"https:\/\/www.laperlavalles.cat\/fr\/wp-json\/wp\/v2\/types\/product"}],"replies":[{"embeddable":true,"href":"https:\/\/www.laperlavalles.cat\/fr\/wp-json\/wp\/v2\/comments?post=189649"}],"wp:featuredmedia":[{"embeddable":true,"href":"https:\/\/www.laperlavalles.cat\/fr\/wp-json\/wp\/v2\/media\/189632"}],"wp:attachment":[{"href":"https:\/\/www.laperlavalles.cat\/fr\/wp-json\/wp\/v2\/media?parent=189649"}],"wp:term":[{"taxonomy":"product_cat","embeddable":true,"href":"https:\/\/www.laperlavalles.cat\/fr\/wp-json\/wp\/v2\/product_cat?post=189649"},{"taxonomy":"product_tag","embeddable":true,"href":"https:\/\/www.laperlavalles.cat\/fr\/wp-json\/wp\/v2\/product_tag?post=189649"}],"curies":[{"name":"wp","href":"https:\/\/api.w.org\/{rel}","templated":true}]}}