{"id":189669,"date":"2025-03-14T10:00:34","date_gmt":"2025-03-14T09:00:52","guid":{"rendered":"https:\/\/www.laperlavalles.cat\/product\/mielle-rosemary-mint-oil-light-59ml\/"},"modified":"2025-12-04T14:53:32","modified_gmt":"2025-12-04T13:53:32","slug":"mielle-rosemary-mint-oil-light-59ml","status":"publish","type":"product","link":"https:\/\/www.laperlavalles.cat\/fr\/produit\/mielle-rosemary-mint-oil-light-59ml\/","title":{"rendered":"MIELLE ROSEMARY MINT OIL LIGHT 59ML"},"content":{"rendered":"<p>Le MIELLE ROSEMARY MINT OIL LIGHT 59ML est une huile l\u00e9g\u00e8re con\u00e7ue pour renforcer et nourrir les cheveux et le cuir chevelu. Enrichie en romarin, menthe et biotine, elle stimule la croissance et hydrate sans laisser de r\u00e9sidus gras.<\/p>\n<p>Cette huile est id\u00e9ale pour les cheveux \u00e0 faible porosit\u00e9 ou ceux qui pr\u00e9f\u00e8rent une formule plus l\u00e9g\u00e8re. Parfaite \u00e9galement pour les coiffures protectrices comme les tresses ou les perruques.<\/p>\n<p>Elle s&rsquo;applique facilement sur le cuir chevelu ou les pointes, offrant une sensation de fra\u00eecheur gr\u00e2ce \u00e0 l&rsquo;huile essentielle de menthe.<\/p>\n<p>Avec une utilisation r\u00e9guli\u00e8re, les cheveux restent forts, sains et brillants, favorisant une croissance saine et r\u00e9duisant la chute.<\/p>\n","protected":false},"excerpt":{"rendered":"<p>Le MIELLE ROSEMARY MINT OIL LIGHT 59ML est une huile l\u00e9g\u00e8re con\u00e7ue pour renforcer et nourrir les cheveux et le cuir chevelu. Enrichie en romarin, menthe<span class=\"excerpt-hellip\"> [\u2026]<\/span><\/p>\n","protected":false},"featured_media":189652,"comment_status":"open","ping_status":"closed","template":"","meta":[],"product_cat":[10616],"product_tag":[],"_links":{"self":[{"href":"https:\/\/www.laperlavalles.cat\/fr\/wp-json\/wp\/v2\/product\/189669"}],"collection":[{"href":"https:\/\/www.laperlavalles.cat\/fr\/wp-json\/wp\/v2\/product"}],"about":[{"href":"https:\/\/www.laperlavalles.cat\/fr\/wp-json\/wp\/v2\/types\/product"}],"replies":[{"embeddable":true,"href":"https:\/\/www.laperlavalles.cat\/fr\/wp-json\/wp\/v2\/comments?post=189669"}],"wp:featuredmedia":[{"embeddable":true,"href":"https:\/\/www.laperlavalles.cat\/fr\/wp-json\/wp\/v2\/media\/189652"}],"wp:attachment":[{"href":"https:\/\/www.laperlavalles.cat\/fr\/wp-json\/wp\/v2\/media?parent=189669"}],"wp:term":[{"taxonomy":"product_cat","embeddable":true,"href":"https:\/\/www.laperlavalles.cat\/fr\/wp-json\/wp\/v2\/product_cat?post=189669"},{"taxonomy":"product_tag","embeddable":true,"href":"https:\/\/www.laperlavalles.cat\/fr\/wp-json\/wp\/v2\/product_tag?post=189669"}],"curies":[{"name":"wp","href":"https:\/\/api.w.org\/{rel}","templated":true}]}}