{"id":189689,"date":"2025-03-14T10:10:34","date_gmt":"2025-03-14T09:10:51","guid":{"rendered":"https:\/\/www.laperlavalles.cat\/product\/mielle-rosemary-mint-strengthening-scalpedge-cleansing-oil-118ml\/"},"modified":"2025-03-14T10:16:26","modified_gmt":"2025-03-14T09:16:26","slug":"mielle-rosemary-mint-strengthening-scalpedge-cleansing-oil-118ml","status":"publish","type":"product","link":"https:\/\/www.laperlavalles.cat\/fr\/produit\/mielle-rosemary-mint-strengthening-scalpedge-cleansing-oil-118ml\/","title":{"rendered":"MIELLE ROSEMARY MINT STRENGTHENING SCALP&amp;EDGE CLEANSING OIL 118ML"},"content":{"rendered":"<p>Le Mielle Rosemary Mint Strengthening Scalp &amp; Edge Cleansing Oil est une huile nettoyante sans rin\u00e7age qui aide \u00e0 dissoudre l&rsquo;accumulation de produits sur le cuir chevelu et la ligne des cheveux entre les lavages. Sa formule l\u00e9g\u00e8re, enrichie en romarin, menthe, biotine et hamam\u00e9lis, nettoie sans \u00e9liminer les huiles naturelles des cheveux.<\/p>\n","protected":false},"excerpt":{"rendered":"<p>Le Mielle Rosemary Mint Strengthening Scalp &amp; Edge Cleansing Oil est une huile nettoyante sans rin\u00e7age qui aide \u00e0 dissoudre l&rsquo;accumulation de produits sur le cuir<span class=\"excerpt-hellip\"> [\u2026]<\/span><\/p>\n","protected":false},"featured_media":189672,"comment_status":"open","ping_status":"closed","template":"","meta":[],"product_cat":[8461,24331],"product_tag":[],"_links":{"self":[{"href":"https:\/\/www.laperlavalles.cat\/fr\/wp-json\/wp\/v2\/product\/189689"}],"collection":[{"href":"https:\/\/www.laperlavalles.cat\/fr\/wp-json\/wp\/v2\/product"}],"about":[{"href":"https:\/\/www.laperlavalles.cat\/fr\/wp-json\/wp\/v2\/types\/product"}],"replies":[{"embeddable":true,"href":"https:\/\/www.laperlavalles.cat\/fr\/wp-json\/wp\/v2\/comments?post=189689"}],"wp:featuredmedia":[{"embeddable":true,"href":"https:\/\/www.laperlavalles.cat\/fr\/wp-json\/wp\/v2\/media\/189672"}],"wp:attachment":[{"href":"https:\/\/www.laperlavalles.cat\/fr\/wp-json\/wp\/v2\/media?parent=189689"}],"wp:term":[{"taxonomy":"product_cat","embeddable":true,"href":"https:\/\/www.laperlavalles.cat\/fr\/wp-json\/wp\/v2\/product_cat?post=189689"},{"taxonomy":"product_tag","embeddable":true,"href":"https:\/\/www.laperlavalles.cat\/fr\/wp-json\/wp\/v2\/product_tag?post=189689"}],"curies":[{"name":"wp","href":"https:\/\/api.w.org\/{rel}","templated":true}]}}