{"id":189709,"date":"2025-03-14T10:11:50","date_gmt":"2025-03-14T09:12:07","guid":{"rendered":"https:\/\/www.laperlavalles.cat\/product\/mielle-rosemary-mint-scalp-scrub-170g\/"},"modified":"2025-03-14T10:17:40","modified_gmt":"2025-03-14T09:17:40","slug":"mielle-rosemary-mint-scalp-scrub-170g","status":"publish","type":"product","link":"https:\/\/www.laperlavalles.cat\/fr\/produit\/mielle-rosemary-mint-scalp-scrub-170g\/","title":{"rendered":"MIELLE ROSEMARY MINT SCALP SCRUB 170G"},"content":{"rendered":"<p>Le Mielle Rosemary Mint Scalp Scrub est un gommage con\u00e7u pour nettoyer en profondeur le cuir chevelu, \u00e9liminant impuret\u00e9s et r\u00e9sidus. Enrichi en romarin et menthe, il rafra\u00eechit et stimule la circulation. Id\u00e9al pour pr\u00e9parer le cuir chevelu avant le shampooing.<\/p>\n","protected":false},"excerpt":{"rendered":"<p>Le Mielle Rosemary Mint Scalp Scrub est un gommage con\u00e7u pour nettoyer en profondeur le cuir chevelu, \u00e9liminant impuret\u00e9s et r\u00e9sidus. Enrichi en romarin et menthe,<span class=\"excerpt-hellip\"> [\u2026]<\/span><\/p>\n","protected":false},"featured_media":189692,"comment_status":"open","ping_status":"closed","template":"","meta":[],"product_cat":[8461,24331],"product_tag":[],"_links":{"self":[{"href":"https:\/\/www.laperlavalles.cat\/fr\/wp-json\/wp\/v2\/product\/189709"}],"collection":[{"href":"https:\/\/www.laperlavalles.cat\/fr\/wp-json\/wp\/v2\/product"}],"about":[{"href":"https:\/\/www.laperlavalles.cat\/fr\/wp-json\/wp\/v2\/types\/product"}],"replies":[{"embeddable":true,"href":"https:\/\/www.laperlavalles.cat\/fr\/wp-json\/wp\/v2\/comments?post=189709"}],"wp:featuredmedia":[{"embeddable":true,"href":"https:\/\/www.laperlavalles.cat\/fr\/wp-json\/wp\/v2\/media\/189692"}],"wp:attachment":[{"href":"https:\/\/www.laperlavalles.cat\/fr\/wp-json\/wp\/v2\/media?parent=189709"}],"wp:term":[{"taxonomy":"product_cat","embeddable":true,"href":"https:\/\/www.laperlavalles.cat\/fr\/wp-json\/wp\/v2\/product_cat?post=189709"},{"taxonomy":"product_tag","embeddable":true,"href":"https:\/\/www.laperlavalles.cat\/fr\/wp-json\/wp\/v2\/product_tag?post=189709"}],"curies":[{"name":"wp","href":"https:\/\/api.w.org\/{rel}","templated":true}]}}