{"id":189729,"date":"2025-03-14T10:13:06","date_gmt":"2025-03-14T09:13:22","guid":{"rendered":"https:\/\/www.laperlavalles.cat\/product\/mielle-rosemary-mint-strengthening-leave-in-conditioner-355ml\/"},"modified":"2025-03-14T10:18:54","modified_gmt":"2025-03-14T09:18:54","slug":"mielle-rosemary-mint-strengthening-leave-in-conditioner-355ml","status":"publish","type":"product","link":"https:\/\/www.laperlavalles.cat\/fr\/produit\/mielle-rosemary-mint-strengthening-leave-in-conditioner-355ml\/","title":{"rendered":"MIELLE ROSEMARY MINT STRENGTHENING LEAVE-IN CONDITIONER 355ML"},"content":{"rendered":"<p>Le Mielle Rosemary Mint Strengthening Leave-In Conditioner est un apr\u00e8s-shampooing sans rin\u00e7age qui hydrate et renforce les cheveux. Sa formule \u00e0 base de biotine, de romarin et de menthe stimule le cuir chevelu et favorise une croissance saine.<\/p>\n","protected":false},"excerpt":{"rendered":"<p>Le Mielle Rosemary Mint Strengthening Leave-In Conditioner est un apr\u00e8s-shampooing sans rin\u00e7age qui hydrate et renforce les cheveux. Sa formule \u00e0 base de biotine, de romarin<span class=\"excerpt-hellip\"> [\u2026]<\/span><\/p>\n","protected":false},"featured_media":189712,"comment_status":"open","ping_status":"closed","template":"","meta":[],"product_cat":[8461,24331],"product_tag":[],"_links":{"self":[{"href":"https:\/\/www.laperlavalles.cat\/fr\/wp-json\/wp\/v2\/product\/189729"}],"collection":[{"href":"https:\/\/www.laperlavalles.cat\/fr\/wp-json\/wp\/v2\/product"}],"about":[{"href":"https:\/\/www.laperlavalles.cat\/fr\/wp-json\/wp\/v2\/types\/product"}],"replies":[{"embeddable":true,"href":"https:\/\/www.laperlavalles.cat\/fr\/wp-json\/wp\/v2\/comments?post=189729"}],"wp:featuredmedia":[{"embeddable":true,"href":"https:\/\/www.laperlavalles.cat\/fr\/wp-json\/wp\/v2\/media\/189712"}],"wp:attachment":[{"href":"https:\/\/www.laperlavalles.cat\/fr\/wp-json\/wp\/v2\/media?parent=189729"}],"wp:term":[{"taxonomy":"product_cat","embeddable":true,"href":"https:\/\/www.laperlavalles.cat\/fr\/wp-json\/wp\/v2\/product_cat?post=189729"},{"taxonomy":"product_tag","embeddable":true,"href":"https:\/\/www.laperlavalles.cat\/fr\/wp-json\/wp\/v2\/product_tag?post=189729"}],"curies":[{"name":"wp","href":"https:\/\/api.w.org\/{rel}","templated":true}]}}