{"id":189829,"date":"2025-03-17T14:40:36","date_gmt":"2025-03-17T13:40:52","guid":{"rendered":"https:\/\/www.laperlavalles.cat\/product\/queen-helene-cholesterol-hair-conditioning-cream-15oz\/"},"modified":"2025-03-17T14:49:15","modified_gmt":"2025-03-17T13:49:15","slug":"queen-helene-cholesterol-hair-conditioning-cream-15oz","status":"publish","type":"product","link":"https:\/\/www.laperlavalles.cat\/fr\/produit\/queen-helene-cholesterol-hair-conditioning-cream-15oz\/","title":{"rendered":"QUEEN HELENE CHOLESTEROL HAIR CONDITIONING CREAM 15OZ"},"content":{"rendered":"<p>La Queen Helene Cholesterol Hair Conditioning Cream est une cr\u00e8me revitalisante profonde de 15 oz formul\u00e9e pour hydrater intens\u00e9ment et nourrir les cheveux secs, ab\u00eem\u00e9s et surtrait\u00e9s. Sa formule originale, sans alcool, utilise du cholest\u00e9rol pour r\u00e9approvisionner l&rsquo;humidit\u00e9 des cheveux assoiff\u00e9s, aidant \u00e0 restaurer la douceur, la brillance saine et la maniabilit\u00e9 durable. Ce traitement est id\u00e9al pour les cheveux qui ont \u00e9t\u00e9 expos\u00e9s \u00e0 des processus chimiques ou endommag\u00e9s par des facteurs environnementaux, les laissant avec une apparence saine et plus de volume.<\/p>\n","protected":false},"excerpt":{"rendered":"<p>La Queen Helene Cholesterol Hair Conditioning Cream est une cr\u00e8me revitalisante profonde de 15 oz formul\u00e9e pour hydrater intens\u00e9ment et nourrir les cheveux secs, ab\u00eem\u00e9s et<span class=\"excerpt-hellip\"> [\u2026]<\/span><\/p>\n","protected":false},"featured_media":189812,"comment_status":"open","ping_status":"closed","template":"","meta":[],"product_cat":[8461,24331],"product_tag":[],"_links":{"self":[{"href":"https:\/\/www.laperlavalles.cat\/fr\/wp-json\/wp\/v2\/product\/189829"}],"collection":[{"href":"https:\/\/www.laperlavalles.cat\/fr\/wp-json\/wp\/v2\/product"}],"about":[{"href":"https:\/\/www.laperlavalles.cat\/fr\/wp-json\/wp\/v2\/types\/product"}],"replies":[{"embeddable":true,"href":"https:\/\/www.laperlavalles.cat\/fr\/wp-json\/wp\/v2\/comments?post=189829"}],"wp:featuredmedia":[{"embeddable":true,"href":"https:\/\/www.laperlavalles.cat\/fr\/wp-json\/wp\/v2\/media\/189812"}],"wp:attachment":[{"href":"https:\/\/www.laperlavalles.cat\/fr\/wp-json\/wp\/v2\/media?parent=189829"}],"wp:term":[{"taxonomy":"product_cat","embeddable":true,"href":"https:\/\/www.laperlavalles.cat\/fr\/wp-json\/wp\/v2\/product_cat?post=189829"},{"taxonomy":"product_tag","embeddable":true,"href":"https:\/\/www.laperlavalles.cat\/fr\/wp-json\/wp\/v2\/product_tag?post=189829"}],"curies":[{"name":"wp","href":"https:\/\/api.w.org\/{rel}","templated":true}]}}