{"id":189869,"date":"2025-03-17T14:43:08","date_gmt":"2025-03-17T13:43:25","guid":{"rendered":"https:\/\/www.laperlavalles.cat\/product\/queen-helene-cholesterol-hot-oil-treatment-1oz\/"},"modified":"2026-01-22T11:53:46","modified_gmt":"2026-01-22T10:53:46","slug":"queen-helene-cholesterol-hot-oil-treatment-1oz","status":"publish","type":"product","link":"https:\/\/www.laperlavalles.cat\/fr\/produit\/queen-helene-cholesterol-hot-oil-treatment-1oz\/","title":{"rendered":"QUEEN HELENE CHOLESTEROL HOT OIL TREATMENT 1OZ"},"content":{"rendered":"<p>Le Queen Helene Cholesterol Hot Oil Treatment est un traitement \u00e0 l&rsquo;huile chaude de 1 oz con\u00e7u pour restaurer la douceur, la brillance et la maniabilit\u00e9 des cheveux secs ou surtrait\u00e9s. Sa formule, riche en cholest\u00e9rol et en lanoline, p\u00e9n\u00e8tre profond\u00e9ment dans les cheveux pour contr\u00f4ler les dommages caus\u00e9s par les traitements chimiques, l&rsquo;exposition aux intemp\u00e9ries et l&rsquo;utilisation du s\u00e8che-cheveux. Ce traitement aide \u00e0 rajeunir les cheveux secs et ab\u00eem\u00e9s, en r\u00e9approvisionnant l&rsquo;humidit\u00e9 perdue et en les prot\u00e9geant contre de futurs dommages. Il est facile \u00e0 utiliser : apr\u00e8s avoir lav\u00e9 les cheveux, chauffez le tube dans de l&rsquo;eau chaude, appliquez sur les cheveux et le cuir chevelu, couvrez avec une serviette chaude pendant 3 minutes, puis rincez.<\/p>\n","protected":false},"excerpt":{"rendered":"<p>Le Queen Helene Cholesterol Hot Oil Treatment est un traitement \u00e0 l&rsquo;huile chaude de 1 oz con\u00e7u pour restaurer la douceur, la brillance et la maniabilit\u00e9<span class=\"excerpt-hellip\"> [\u2026]<\/span><\/p>\n","protected":false},"featured_media":189852,"comment_status":"open","ping_status":"closed","template":"","meta":[],"product_cat":[8461,24331],"product_tag":[],"_links":{"self":[{"href":"https:\/\/www.laperlavalles.cat\/fr\/wp-json\/wp\/v2\/product\/189869"}],"collection":[{"href":"https:\/\/www.laperlavalles.cat\/fr\/wp-json\/wp\/v2\/product"}],"about":[{"href":"https:\/\/www.laperlavalles.cat\/fr\/wp-json\/wp\/v2\/types\/product"}],"replies":[{"embeddable":true,"href":"https:\/\/www.laperlavalles.cat\/fr\/wp-json\/wp\/v2\/comments?post=189869"}],"wp:featuredmedia":[{"embeddable":true,"href":"https:\/\/www.laperlavalles.cat\/fr\/wp-json\/wp\/v2\/media\/189852"}],"wp:attachment":[{"href":"https:\/\/www.laperlavalles.cat\/fr\/wp-json\/wp\/v2\/media?parent=189869"}],"wp:term":[{"taxonomy":"product_cat","embeddable":true,"href":"https:\/\/www.laperlavalles.cat\/fr\/wp-json\/wp\/v2\/product_cat?post=189869"},{"taxonomy":"product_tag","embeddable":true,"href":"https:\/\/www.laperlavalles.cat\/fr\/wp-json\/wp\/v2\/product_tag?post=189869"}],"curies":[{"name":"wp","href":"https:\/\/api.w.org\/{rel}","templated":true}]}}