{"id":189889,"date":"2025-03-17T14:50:38","date_gmt":"2025-03-17T13:50:55","guid":{"rendered":"https:\/\/www.laperlavalles.cat\/product\/queen-helene-apricot-facial-scrub-6oz\/"},"modified":"2025-03-17T14:55:13","modified_gmt":"2025-03-17T13:55:13","slug":"queen-helene-apricot-facial-scrub-6oz","status":"publish","type":"product","link":"https:\/\/www.laperlavalles.cat\/fr\/produit\/queen-helene-apricot-facial-scrub-6oz\/","title":{"rendered":"QUEEN HELENE APRICOT FACIAL SCRUB 6OZ"},"content":{"rendered":"<p>Queen Helene Apricot Facial Scrub est un gommage facial naturel qui aide \u00e0 \u00e9liminer les impuret\u00e9s et les cellules mortes, laissant la peau douce et \u00e9clatante.<\/p>\n","protected":false},"excerpt":{"rendered":"<p>Queen Helene Apricot Facial Scrub est un gommage facial naturel qui aide \u00e0 \u00e9liminer les impuret\u00e9s et les cellules mortes, laissant la peau douce et \u00e9clatante.<\/p>\n","protected":false},"featured_media":189872,"comment_status":"open","ping_status":"closed","template":"","meta":[],"product_cat":[8461,8597],"product_tag":[],"_links":{"self":[{"href":"https:\/\/www.laperlavalles.cat\/fr\/wp-json\/wp\/v2\/product\/189889"}],"collection":[{"href":"https:\/\/www.laperlavalles.cat\/fr\/wp-json\/wp\/v2\/product"}],"about":[{"href":"https:\/\/www.laperlavalles.cat\/fr\/wp-json\/wp\/v2\/types\/product"}],"replies":[{"embeddable":true,"href":"https:\/\/www.laperlavalles.cat\/fr\/wp-json\/wp\/v2\/comments?post=189889"}],"wp:featuredmedia":[{"embeddable":true,"href":"https:\/\/www.laperlavalles.cat\/fr\/wp-json\/wp\/v2\/media\/189872"}],"wp:attachment":[{"href":"https:\/\/www.laperlavalles.cat\/fr\/wp-json\/wp\/v2\/media?parent=189889"}],"wp:term":[{"taxonomy":"product_cat","embeddable":true,"href":"https:\/\/www.laperlavalles.cat\/fr\/wp-json\/wp\/v2\/product_cat?post=189889"},{"taxonomy":"product_tag","embeddable":true,"href":"https:\/\/www.laperlavalles.cat\/fr\/wp-json\/wp\/v2\/product_tag?post=189889"}],"curies":[{"name":"wp","href":"https:\/\/api.w.org\/{rel}","templated":true}]}}